{"id":26,"date":"2019-10-30T08:04:23","date_gmt":"2019-10-30T05:04:23","guid":{"rendered":"https:\/\/demo.casethemes.net\/consultio-corporate2\/?page_id=26"},"modified":"2023-04-06T15:58:06","modified_gmt":"2023-04-06T12:58:06","slug":"about","status":"publish","type":"page","link":"https:\/\/dpluskagit.com\/en\/about\/","title":{"rendered":"About Us"},"content":{"rendered":"<div data-elementor-type=\"wp-page\" data-elementor-id=\"26\" class=\"elementor elementor-26\">\r\n\t\t\t\t\t\t\t        <section class=\"elementor-section elementor-top-section elementor-element elementor-element-bf4d915 elementor-section-boxed elementor-section-height-default elementor-section-height-default\" data-id=\"bf4d915\" data-element_type=\"section\">\n            \n                        <div class=\"elementor-container elementor-column-gap-extended\">\n                    <div class=\"elementor-column elementor-col-50 elementor-top-column elementor-element elementor-element-5282614\" data-id=\"5282614\" data-element_type=\"column\">\n            <div class=\"elementor-widget-wrap elementor-element-populated\">\n                        \t\t<div class=\"elementor-element elementor-element-9d091b6 elementor-widget elementor-widget-ct_heading\" data-id=\"9d091b6\" data-element_type=\"widget\" data-widget_type=\"ct_heading.default\">\r\n\t\t\t\t<div class=\"elementor-widget-container\">\r\n\t\t\t<div class=\"ct-heading h-align-  sub- ct-heading-left item-st-line-left1\">\r\n\t    <h3 class=\"item--title st-line-left1\" data-wow-delay=\"ms\">\r\n                <span>\r\n                            <i><\/i>\r\n            \r\n            About Us\r\n                    <\/span>\r\n            <\/h3>\r\n<\/div>\t\t<\/div>\r\n\t\t\t\t<\/div>\r\n\t\t        <section class=\"elementor-section elementor-inner-section elementor-element elementor-element-6b326e2 elementor-section-boxed elementor-section-height-default elementor-section-height-default\" data-id=\"6b326e2\" data-element_type=\"section\">\n            \n                        <div class=\"elementor-container elementor-column-gap-extended\">\n                    <div class=\"elementor-column elementor-col-100 elementor-inner-column elementor-element elementor-element-71555f1\" data-id=\"71555f1\" data-element_type=\"column\">\n            <div class=\"elementor-widget-wrap elementor-element-populated\">\n                        \t\t<div class=\"elementor-element elementor-element-176c3a2 elementor-widget elementor-widget-text-editor\" data-id=\"176c3a2\" data-element_type=\"widget\" data-widget_type=\"text-editor.default\">\r\n\t\t\t\t<div class=\"elementor-widget-container\">\r\n\t\t\t\t\t\t\t<p>Our company, which was established in Istanbul in 2017, has international and domestic solution partners, publishing houses, bookbinding houses, printing houses, fantasy box facilities, etc. with its strong financial structure. has become a strong solution partner in the supply of cardboard to companies.<\/p><p>By establishing a hard cover grinding facility in 2021, it has also become an important solution partner in cardboard processing.<\/p><p>Our company continues its activities by expanding its product range without compromising the principle of customer satisfaction.<\/p>\t\t\t\t\t\t<\/div>\r\n\t\t\t\t<\/div>\r\n\t\t            <\/div>\n        <\/div>\n                            <\/div>\n        <\/section>\n                    <\/div>\n        <\/div>\n                <div class=\"elementor-column elementor-col-50 elementor-top-column elementor-element elementor-element-07e4861\" data-id=\"07e4861\" data-element_type=\"column\">\n            <div class=\"elementor-widget-wrap elementor-element-populated\">\n                        \t\t<div class=\"elementor-element elementor-element-1548748 elementor-widget elementor-widget-image\" data-id=\"1548748\" data-element_type=\"widget\" data-widget_type=\"image.default\">\r\n\t\t\t\t<div class=\"elementor-widget-container\">\r\n\t\t\t\t\t\t\t\t\t\t\t\t\t\t\t<img decoding=\"async\" width=\"700\" height=\"700\" src=\"https:\/\/dpluskagit.com\/wp-content\/uploads\/2022\/03\/hakiimizda-2.png\" class=\"attachment-full size-full\" alt=\"\" srcset=\"https:\/\/dpluskagit.com\/wp-content\/uploads\/2022\/03\/hakiimizda-2.png 700w, https:\/\/dpluskagit.com\/wp-content\/uploads\/2022\/03\/hakiimizda-2-300x300.png 300w, https:\/\/dpluskagit.com\/wp-content\/uploads\/2022\/03\/hakiimizda-2-150x150.png 150w, https:\/\/dpluskagit.com\/wp-content\/uploads\/2022\/03\/hakiimizda-2-600x600.png 600w\" sizes=\"(max-width: 700px) 100vw, 700px\" \/>\t\t\t\t\t\t\t\t\t\t\t\t\t\t\t<\/div>\r\n\t\t\t\t<\/div>\r\n\t\t            <\/div>\n        <\/div>\n                            <\/div>\n        <\/section>\n                <section class=\"elementor-section elementor-top-section elementor-element elementor-element-a158a9e elementor-section-stretched elementor-section-boxed elementor-section-height-default elementor-section-height-default\" data-id=\"a158a9e\" data-element_type=\"section\" data-settings=\"{&quot;stretch_section&quot;:&quot;section-stretched&quot;,&quot;background_background&quot;:&quot;classic&quot;}\">\n                            <div class=\"elementor-background-overlay\"><\/div>\n                \n                        <div class=\"elementor-container elementor-column-gap-extended\">\n                    <div class=\"elementor-column elementor-col-100 elementor-top-column elementor-element elementor-element-30c4d43\" data-id=\"30c4d43\" data-element_type=\"column\">\n            <div class=\"elementor-widget-wrap elementor-element-populated\">\n                                <section class=\"elementor-section elementor-inner-section elementor-element elementor-element-7a3aa06 elementor-section-content-middle elementor-section-boxed elementor-section-height-default elementor-section-height-default\" data-id=\"7a3aa06\" data-element_type=\"section\">\n            \n                        <div class=\"elementor-container elementor-column-gap-extended\">\n                    <div class=\"elementor-column elementor-col-50 elementor-inner-column elementor-element elementor-element-ba6ff94\" data-id=\"ba6ff94\" data-element_type=\"column\">\n            <div class=\"elementor-widget-wrap elementor-element-populated\">\n                        \t\t<div class=\"elementor-element elementor-element-78cbbb6f elementor-widget elementor-widget-ct_heading\" data-id=\"78cbbb6f\" data-element_type=\"widget\" data-widget_type=\"ct_heading.default\">\r\n\t\t\t\t<div class=\"elementor-widget-container\">\r\n\t\t\t<div class=\"ct-heading h-align-  sub- ct-heading-left item-st-line-left1\">\r\n\t    <h3 class=\"item--title st-line-left1\" data-wow-delay=\"ms\">\r\n                <span>\r\n                            <i><\/i>\r\n            \r\n            History\r\n                    <\/span>\r\n            <\/h3>\r\n<\/div>\t\t<\/div>\r\n\t\t\t\t<\/div>\r\n\t\t            <\/div>\n        <\/div>\n                <div class=\"elementor-column elementor-col-50 elementor-inner-column elementor-element elementor-element-0de7bd2\" data-id=\"0de7bd2\" data-element_type=\"column\">\n            <div class=\"elementor-widget-wrap elementor-element-populated\">\n                        \t\t<div class=\"elementor-element elementor-element-7398b831 elementor-widget elementor-widget-text-editor\" data-id=\"7398b831\" data-element_type=\"widget\" data-widget_type=\"text-editor.default\">\r\n\t\t\t\t<div class=\"elementor-widget-container\">\r\n\t\t\t\t\t\t\t<p>Our DPlus history in brief<\/p>\t\t\t\t\t\t<\/div>\r\n\t\t\t\t<\/div>\r\n\t\t            <\/div>\n        <\/div>\n                            <\/div>\n        <\/section>\n        \t\t<div class=\"elementor-element elementor-element-861b1e7 elementor-widget elementor-widget-ct_history\" data-id=\"861b1e7\" data-element_type=\"widget\" data-widget_type=\"ct_history.default\">\r\n\t\t\t\t<div class=\"elementor-widget-container\">\r\n\t\t\t<div class=\"ct-history1\">\r\n\t\t\t<div class=\"ct-history--start\">\r\n\t\t\tStart\t\t<\/div>\r\n\t\t\t\t<div class=\"ct-history--holder\">\r\n\t\t\t<div class=\"ct-history--odd\">\r\n\t\t\t\t\t\t\t\t\t\t\t\t\t\t<div class=\"ct-history--item\">\r\n\t\t\t\t\t\t\t<div class=\"ct-history--meta\">\r\n\t\t\t\t\t\t\t\t<h3>\r\n\t\t\t\t\t\t\t\t\t\t\t\t\t\t\t\t\t\t\t2018\t\t\t\t\t\t\t\t\t\t\t\t\t\t\t\t\t<\/h3>\r\n\t\t\t\t\t\t\t\t<span>Warehouse opening<\/span>\r\n\t\t\t\t\t\t\t<\/div>\r\n\t\t\t\t\t\t<\/div>\r\n\t\t\t\t\t\t\t\t\t\t\t\t\t\t\t\t<\/div>\r\n\t\t\t<div class=\"ct-history--even\">\r\n\t\t\t\t\t\t\t\t\t\t<div class=\"ct-history--item\">\r\n\t\t\t\t\t\t\t<div class=\"ct-history--meta\">\r\n\t\t\t\t\t\t\t\t<h3>\r\n\t\t\t\t\t\t\t\t\t\t\t\t\t\t\t\t\t\t\t2017\t\t\t\t\t\t\t\t\t\t\t\t\t\t\t\t\t<\/h3>\r\n\t\t\t\t\t\t\t\t<span>It was established at the address of \u0130OSB Sefak\u00f6y San.Sit.7.Blok No:22\n\u0130kitelli 34306 \u0130STANBUL   <\/span>\r\n\t\t\t\t\t\t\t<\/div>\r\n\t\t\t\t\t\t<\/div>\r\n\t\t\t\t\t\t\t\t\t\t\t\t\t\t\t\t\t\t\t<div class=\"ct-history--item\">\r\n\t\t\t\t\t\t\t<div class=\"ct-history--meta\">\r\n\t\t\t\t\t\t\t\t<h3>\r\n\t\t\t\t\t\t\t\t\t\t\t\t\t\t\t\t\t\t\t2021 \t\t\t\t\t\t\t\t\t\t\t\t\t\t\t\t\t<\/h3>\r\n\t\t\t\t\t\t\t\t<span>Has started to manufacture hard cover at the address of 3. Matbaac\u0131lar Sitesi Yakuplu Mahallesi 194. Sokak No 471 Beylikd\u00fcz\u00fc \/ \u0130stanbul <\/span>\r\n\t\t\t\t\t\t\t<\/div>\r\n\t\t\t\t\t\t<\/div>\r\n\t\t\t\t\t\t\t\t\t\t\t\t<\/div>\r\n\t\t<\/div>\r\n\t\t\t\t<div class=\"ct-history--image\">\r\n\t\t\t<img decoding=\"async\" class=\"\" src=\"https:\/\/dpluskagit.com\/wp-content\/uploads\/2022\/03\/sm-logo-scaled-150x150.jpg\" width=\"150\" height=\"150\" alt=\"sm logo\" title=\"sm logo\" \/>\t\t<\/div>\r\n\t<\/div>\t\t<\/div>\r\n\t\t\t\t<\/div>\r\n\t\t            <\/div>\n        <\/div>\n                            <\/div>\n        <\/section>\n        \t\t\t\t\t<\/div>","protected":false},"excerpt":{"rendered":"<p>Hakk\u0131m\u0131zda 2017\u2019de \u0130stanbul\u2019da kurulan firmam\u0131z yurtd\u0131\u015f\u0131 ve yurti\u00e7i \u00e7\u00f6z\u00fcm ortaklar\u0131, g\u00fc\u00e7l\u00fc finansal yap\u0131s\u0131 ile yay\u0131nevleri, ciltevleri, matbaalar, fantezi kutu tesisleri vb. firmalara mukavva tedari\u011finde g\u00fc\u00e7l\u00fc bir \u00e7\u00f6z\u00fcm orta\u011f\u0131 olmu\u015ftur. 2021 \u2018de sert kapak taslama tesisini kurarak mukavvay\u0131 i\u015fleme noktas\u0131nda da \u00f6nemli bir \u00e7\u00f6z\u00fcm orta\u011f\u0131 haline gelmi\u015ftir. Firmam\u0131z m\u00fc\u015fteri memnuniyeti ilkesinden \u00f6d\u00fcn vermeden \u00fcr\u00fcn yelpazesini geni\u015fleterek [&hellip;]<\/p>","protected":false},"author":1,"featured_media":0,"parent":0,"menu_order":0,"comment_status":"closed","ping_status":"closed","template":"","meta":{"footnotes":""},"class_list":["post-26","page","type-page","status-publish","hentry"],"yoast_head":"<!-- This site is optimized with the Yoast SEO plugin v21.8 - https:\/\/yoast.com\/wordpress\/plugins\/seo\/ -->\n<title>Hakk\u0131m\u0131zda - DPLUS KA\u011eIT SAN.VE DI\u015e T\u0130C. LTD. \u015eT\u0130.<\/title>\n<meta name=\"description\" content=\"Yerli ve Avrupa mukavva sert kapak kutu kapak. Domestic and European cardboard hard cover box cover. \u063a\u0637\u0627\u0621 \u0635\u0646\u062f\u0648\u0642 \u0645\u0646 \u0627\u0644\u0648\u0631\u0642 \u0627\u0644\u0645\u0642\u0648\u0649 \u0627\u0644\u0635\u0644\u0628 \u0627\u0644\u0645\u062d\u0644\u064a \u0648\u0627\u0644\u0623\u0648\u0631\u0648\u0628\u064a.\" \/>\n<meta name=\"robots\" content=\"index, follow, max-snippet:-1, max-image-preview:large, max-video-preview:-1\" \/>\n<link rel=\"canonical\" href=\"https:\/\/dpluskagit.com\/en\/about\/\" \/>\n<meta property=\"og:locale\" content=\"en_GB\" \/>\n<meta property=\"og:type\" content=\"article\" \/>\n<meta property=\"og:title\" content=\"Hakk\u0131m\u0131zda - DPLUS KA\u011eIT SAN.VE DI\u015e T\u0130C. LTD. \u015eT\u0130.\" \/>\n<meta property=\"og:description\" content=\"Yerli ve Avrupa mukavva sert kapak kutu kapak. Domestic and European cardboard hard cover box cover. \u063a\u0637\u0627\u0621 \u0635\u0646\u062f\u0648\u0642 \u0645\u0646 \u0627\u0644\u0648\u0631\u0642 \u0627\u0644\u0645\u0642\u0648\u0649 \u0627\u0644\u0635\u0644\u0628 \u0627\u0644\u0645\u062d\u0644\u064a \u0648\u0627\u0644\u0623\u0648\u0631\u0648\u0628\u064a.\" \/>\n<meta property=\"og:url\" content=\"https:\/\/dpluskagit.com\/en\/about\/\" \/>\n<meta property=\"og:site_name\" content=\"DPLUS KA\u011eIT SAN.VE DI\u015e T\u0130C. LTD. \u015eT\u0130.\" \/>\n<meta property=\"article:publisher\" content=\"https:\/\/www.facebook.com\/profile.php?id=100077008572152\" \/>\n<meta property=\"article:modified_time\" content=\"2023-04-06T12:58:06+00:00\" \/>\n<meta property=\"og:image\" content=\"https:\/\/dpluskagit.com\/wp-content\/uploads\/2022\/03\/hakiimizda-2.png\" \/>\n<meta name=\"twitter:card\" content=\"summary_large_image\" \/>\n<meta name=\"twitter:label1\" content=\"Estimated reading time\" \/>\n\t<meta name=\"twitter:data1\" content=\"2 minutes\" \/>\n<script type=\"application\/ld+json\" class=\"yoast-schema-graph\">{\"@context\":\"https:\/\/schema.org\",\"@graph\":[{\"@type\":\"WebPage\",\"@id\":\"https:\/\/dpluskagit.com\/about\/\",\"url\":\"https:\/\/dpluskagit.com\/about\/\",\"name\":\"Hakk\u0131m\u0131zda - DPLUS KA\u011eIT SAN.VE DI\u015e T\u0130C. LTD. \u015eT\u0130.\",\"isPartOf\":{\"@id\":\"https:\/\/dpluskagit.com\/#website\"},\"datePublished\":\"2019-10-30T05:04:23+00:00\",\"dateModified\":\"2023-04-06T12:58:06+00:00\",\"description\":\"Yerli ve Avrupa mukavva sert kapak kutu kapak. Domestic and European cardboard hard cover box cover. \u063a\u0637\u0627\u0621 \u0635\u0646\u062f\u0648\u0642 \u0645\u0646 \u0627\u0644\u0648\u0631\u0642 \u0627\u0644\u0645\u0642\u0648\u0649 \u0627\u0644\u0635\u0644\u0628 \u0627\u0644\u0645\u062d\u0644\u064a \u0648\u0627\u0644\u0623\u0648\u0631\u0648\u0628\u064a.\",\"breadcrumb\":{\"@id\":\"https:\/\/dpluskagit.com\/about\/#breadcrumb\"},\"inLanguage\":\"en-GB\",\"potentialAction\":[{\"@type\":\"ReadAction\",\"target\":[\"https:\/\/dpluskagit.com\/about\/\"]}]},{\"@type\":\"BreadcrumbList\",\"@id\":\"https:\/\/dpluskagit.com\/about\/#breadcrumb\",\"itemListElement\":[{\"@type\":\"ListItem\",\"position\":1,\"name\":\"Anasayfa\",\"item\":\"https:\/\/dpluskagit.com\/\"},{\"@type\":\"ListItem\",\"position\":2,\"name\":\"Hakk\u0131m\u0131zda\"}]},{\"@type\":\"WebSite\",\"@id\":\"https:\/\/dpluskagit.com\/#website\",\"url\":\"https:\/\/dpluskagit.com\/\",\"name\":\"DPLUS KA\u011eIT SAN.VE DI\u015e T\u0130C. LTD. \u015eT\u0130.\",\"description\":\"Her t\u00fcrl\u00fc ka\u011f\u0131t, yerli mukavva ve avrupa mukavva\",\"publisher\":{\"@id\":\"https:\/\/dpluskagit.com\/#organization\"},\"potentialAction\":[{\"@type\":\"SearchAction\",\"target\":{\"@type\":\"EntryPoint\",\"urlTemplate\":\"https:\/\/dpluskagit.com\/?s={search_term_string}\"},\"query-input\":\"required name=search_term_string\"}],\"inLanguage\":\"en-GB\"},{\"@type\":\"Organization\",\"@id\":\"https:\/\/dpluskagit.com\/#organization\",\"name\":\"DPLUS KA\u011eIT SAN.VE DI\u015e T\u0130C. LTD. \u015eT\u0130.\",\"url\":\"https:\/\/dpluskagit.com\/\",\"logo\":{\"@type\":\"ImageObject\",\"inLanguage\":\"en-GB\",\"@id\":\"https:\/\/dpluskagit.com\/#\/schema\/logo\/image\/\",\"url\":\"https:\/\/dpluskagit.com\/wp-content\/uploads\/2022\/03\/sm-logo-scaled.jpg\",\"contentUrl\":\"https:\/\/dpluskagit.com\/wp-content\/uploads\/2022\/03\/sm-logo-scaled.jpg\",\"width\":2560,\"height\":2560,\"caption\":\"DPLUS KA\u011eIT SAN.VE DI\u015e T\u0130C. LTD. \u015eT\u0130.\"},\"image\":{\"@id\":\"https:\/\/dpluskagit.com\/#\/schema\/logo\/image\/\"},\"sameAs\":[\"https:\/\/www.facebook.com\/profile.php?id=100077008572152\",\"https:\/\/www.instagram.com\/dpluskagit\/\"]}]}<\/script>\n<!-- \/ Yoast SEO plugin. -->","yoast_head_json":{"title":"Hakk\u0131m\u0131zda - DPLUS KA\u011eIT SAN.VE DI\u015e T\u0130C. LTD. \u015eT\u0130.","description":"Yerli ve Avrupa mukavva sert kapak kutu kapak. Domestic and European cardboard hard cover box cover. \u063a\u0637\u0627\u0621 \u0635\u0646\u062f\u0648\u0642 \u0645\u0646 \u0627\u0644\u0648\u0631\u0642 \u0627\u0644\u0645\u0642\u0648\u0649 \u0627\u0644\u0635\u0644\u0628 \u0627\u0644\u0645\u062d\u0644\u064a \u0648\u0627\u0644\u0623\u0648\u0631\u0648\u0628\u064a.","robots":{"index":"index","follow":"follow","max-snippet":"max-snippet:-1","max-image-preview":"max-image-preview:large","max-video-preview":"max-video-preview:-1"},"canonical":"https:\/\/dpluskagit.com\/en\/about\/","og_locale":"en_GB","og_type":"article","og_title":"Hakk\u0131m\u0131zda - DPLUS KA\u011eIT SAN.VE DI\u015e T\u0130C. LTD. \u015eT\u0130.","og_description":"Yerli ve Avrupa mukavva sert kapak kutu kapak. Domestic and European cardboard hard cover box cover. \u063a\u0637\u0627\u0621 \u0635\u0646\u062f\u0648\u0642 \u0645\u0646 \u0627\u0644\u0648\u0631\u0642 \u0627\u0644\u0645\u0642\u0648\u0649 \u0627\u0644\u0635\u0644\u0628 \u0627\u0644\u0645\u062d\u0644\u064a \u0648\u0627\u0644\u0623\u0648\u0631\u0648\u0628\u064a.","og_url":"https:\/\/dpluskagit.com\/en\/about\/","og_site_name":"DPLUS KA\u011eIT SAN.VE DI\u015e T\u0130C. LTD. \u015eT\u0130.","article_publisher":"https:\/\/www.facebook.com\/profile.php?id=100077008572152","article_modified_time":"2023-04-06T12:58:06+00:00","og_image":[{"url":"https:\/\/dpluskagit.com\/wp-content\/uploads\/2022\/03\/hakiimizda-2.png"}],"twitter_card":"summary_large_image","twitter_misc":{"Estimated reading time":"2 minutes"},"schema":{"@context":"https:\/\/schema.org","@graph":[{"@type":"WebPage","@id":"https:\/\/dpluskagit.com\/about\/","url":"https:\/\/dpluskagit.com\/about\/","name":"Hakk\u0131m\u0131zda - DPLUS KA\u011eIT SAN.VE DI\u015e T\u0130C. LTD. \u015eT\u0130.","isPartOf":{"@id":"https:\/\/dpluskagit.com\/#website"},"datePublished":"2019-10-30T05:04:23+00:00","dateModified":"2023-04-06T12:58:06+00:00","description":"Yerli ve Avrupa mukavva sert kapak kutu kapak. Domestic and European cardboard hard cover box cover. \u063a\u0637\u0627\u0621 \u0635\u0646\u062f\u0648\u0642 \u0645\u0646 \u0627\u0644\u0648\u0631\u0642 \u0627\u0644\u0645\u0642\u0648\u0649 \u0627\u0644\u0635\u0644\u0628 \u0627\u0644\u0645\u062d\u0644\u064a \u0648\u0627\u0644\u0623\u0648\u0631\u0648\u0628\u064a.","breadcrumb":{"@id":"https:\/\/dpluskagit.com\/about\/#breadcrumb"},"inLanguage":"en-GB","potentialAction":[{"@type":"ReadAction","target":["https:\/\/dpluskagit.com\/about\/"]}]},{"@type":"BreadcrumbList","@id":"https:\/\/dpluskagit.com\/about\/#breadcrumb","itemListElement":[{"@type":"ListItem","position":1,"name":"Anasayfa","item":"https:\/\/dpluskagit.com\/"},{"@type":"ListItem","position":2,"name":"Hakk\u0131m\u0131zda"}]},{"@type":"WebSite","@id":"https:\/\/dpluskagit.com\/#website","url":"https:\/\/dpluskagit.com\/","name":"DPLUS KA\u011eIT SAN.VE DI\u015e T\u0130C. LTD. \u015eT\u0130.","description":"Her t\u00fcrl\u00fc ka\u011f\u0131t, yerli mukavva ve avrupa mukavva","publisher":{"@id":"https:\/\/dpluskagit.com\/#organization"},"potentialAction":[{"@type":"SearchAction","target":{"@type":"EntryPoint","urlTemplate":"https:\/\/dpluskagit.com\/?s={search_term_string}"},"query-input":"required name=search_term_string"}],"inLanguage":"en-GB"},{"@type":"Organization","@id":"https:\/\/dpluskagit.com\/#organization","name":"DPLUS KA\u011eIT SAN.VE DI\u015e T\u0130C. LTD. \u015eT\u0130.","url":"https:\/\/dpluskagit.com\/","logo":{"@type":"ImageObject","inLanguage":"en-GB","@id":"https:\/\/dpluskagit.com\/#\/schema\/logo\/image\/","url":"https:\/\/dpluskagit.com\/wp-content\/uploads\/2022\/03\/sm-logo-scaled.jpg","contentUrl":"https:\/\/dpluskagit.com\/wp-content\/uploads\/2022\/03\/sm-logo-scaled.jpg","width":2560,"height":2560,"caption":"DPLUS KA\u011eIT SAN.VE DI\u015e T\u0130C. LTD. \u015eT\u0130."},"image":{"@id":"https:\/\/dpluskagit.com\/#\/schema\/logo\/image\/"},"sameAs":["https:\/\/www.facebook.com\/profile.php?id=100077008572152","https:\/\/www.instagram.com\/dpluskagit\/"]}]}},"_links":{"self":[{"href":"https:\/\/dpluskagit.com\/en\/wp-json\/wp\/v2\/pages\/26","targetHints":{"allow":["GET"]}}],"collection":[{"href":"https:\/\/dpluskagit.com\/en\/wp-json\/wp\/v2\/pages"}],"about":[{"href":"https:\/\/dpluskagit.com\/en\/wp-json\/wp\/v2\/types\/page"}],"author":[{"embeddable":true,"href":"https:\/\/dpluskagit.com\/en\/wp-json\/wp\/v2\/users\/1"}],"replies":[{"embeddable":true,"href":"https:\/\/dpluskagit.com\/en\/wp-json\/wp\/v2\/comments?post=26"}],"version-history":[{"count":0,"href":"https:\/\/dpluskagit.com\/en\/wp-json\/wp\/v2\/pages\/26\/revisions"}],"wp:attachment":[{"href":"https:\/\/dpluskagit.com\/en\/wp-json\/wp\/v2\/media?parent=26"}],"curies":[{"name":"wp","href":"https:\/\/api.w.org\/{rel}","templated":true}]}}