{"id":5141,"date":"2022-03-21T17:16:22","date_gmt":"2022-03-21T14:16:22","guid":{"rendered":"http:\/\/localhost\/dplus1\/?page_id=5141"},"modified":"2024-11-21T17:20:33","modified_gmt":"2024-11-21T14:20:33","slug":"iletisim","status":"publish","type":"page","link":"https:\/\/dpluskagit.com\/en\/iletisim\/","title":{"rendered":"Contact"},"content":{"rendered":"<div data-elementor-type=\"wp-page\" data-elementor-id=\"5141\" class=\"elementor elementor-5141\">\r\n\t\t\t\t\t\t\t        <section class=\"elementor-section elementor-top-section elementor-element elementor-element-1ef182c3 elementor-section-stretched elementor-section-boxed elementor-section-height-default elementor-section-height-default\" data-id=\"1ef182c3\" data-element_type=\"section\" data-settings=\"{&quot;stretch_section&quot;:&quot;section-stretched&quot;,&quot;background_background&quot;:&quot;classic&quot;}\">\n                            <div class=\"elementor-background-overlay\"><\/div>\n                \n                        <div class=\"elementor-container elementor-column-gap-extended\">\n                    <div class=\"elementor-column elementor-col-100 elementor-top-column elementor-element elementor-element-566b9921\" data-id=\"566b9921\" data-element_type=\"column\">\n            <div class=\"elementor-widget-wrap elementor-element-populated\">\n                                <section class=\"elementor-section elementor-inner-section elementor-element elementor-element-4ef0cfbf elementor-section-content-middle elementor-section-boxed elementor-section-height-default elementor-section-height-default\" data-id=\"4ef0cfbf\" data-element_type=\"section\">\n            \n                        <div class=\"elementor-container elementor-column-gap-extended\">\n                    <div class=\"elementor-column elementor-col-50 elementor-inner-column elementor-element elementor-element-7758a428\" data-id=\"7758a428\" data-element_type=\"column\">\n            <div class=\"elementor-widget-wrap elementor-element-populated\">\n                        \t\t<div class=\"elementor-element elementor-element-2df05f23 elementor-widget elementor-widget-ct_heading\" data-id=\"2df05f23\" data-element_type=\"widget\" data-widget_type=\"ct_heading.default\">\r\n\t\t\t\t<div class=\"elementor-widget-container\">\r\n\t\t\t<div class=\"ct-heading h-align- wow fadeInLeft sub- ct-heading-left item-st-line-left1\">\r\n\t    <h3 class=\"item--title st-line-left1 wow fadeInLeft\" data-wow-delay=\"ms\">\r\n                <span>\r\n                            <i><\/i>\r\n            \r\n            Please contact us if you want to get a price offer and information.\r\n                    <\/span>\r\n            <\/h3>\r\n<\/div>\t\t<\/div>\r\n\t\t\t\t<\/div>\r\n\t\t            <\/div>\n        <\/div>\n                <div class=\"elementor-column elementor-col-50 elementor-inner-column elementor-element elementor-element-63bcdcfc\" data-id=\"63bcdcfc\" data-element_type=\"column\">\n            <div class=\"elementor-widget-wrap elementor-element-populated\">\n                        \t\t<div class=\"elementor-element elementor-element-3c6d7533 wow fadeInRight elementor-widget elementor-widget-text-editor\" data-id=\"3c6d7533\" data-element_type=\"widget\" data-widget_type=\"text-editor.default\">\r\n\t\t\t\t<div class=\"elementor-widget-container\">\r\n\t\t\t\t\t\t\t<p>Please contact us via the information below or enter your request.<\/p>\t\t\t\t\t\t<\/div>\r\n\t\t\t\t<\/div>\r\n\t\t            <\/div>\n        <\/div>\n                            <\/div>\n        <\/section>\n                <section class=\"elementor-section elementor-inner-section elementor-element elementor-element-2fc27fd7 elementor-section-boxed elementor-section-height-default elementor-section-height-default\" data-id=\"2fc27fd7\" data-element_type=\"section\">\n            \n                        <div class=\"elementor-container elementor-column-gap-extended\">\n                    <div class=\"elementor-column elementor-col-50 elementor-inner-column elementor-element elementor-element-37ecd392\" data-id=\"37ecd392\" data-element_type=\"column\">\n            <div class=\"elementor-widget-wrap elementor-element-populated\">\n                        \t\t<div class=\"elementor-element elementor-element-60636a70 elementor-widget elementor-widget-ct_fancy_box\" data-id=\"60636a70\" data-element_type=\"widget\" data-widget_type=\"ct_fancy_box.default\">\r\n\t\t\t\t<div class=\"elementor-widget-container\">\r\n\t\t\t<div class=\"ct-fancy-box ct-fancy-box-layout3 style1 wow fadeInUp\" data-wow-delay=\"ms\">\r\n            <div class=\"item--icon\">\r\n            <i aria-hidden=\"true\" class=\"fas fa-map-marker-alt\"><\/i>        <\/div>\r\n            <div class=\"item--holder\">\r\n        <h3 class=\"item--title\">\r\n            Address:        <\/h3>\r\n        <div class=\"item--description\">\u0130OSB Sefak\u00f6y San.Sit.7.Blok No:22\nBa\u015fak\u015fehir 34306 \u0130STANBUL\nT: (0212) 407 00 51<\/div>\r\n    <\/div>\r\n<\/div>\t\t<\/div>\r\n\t\t\t\t<\/div>\r\n\t\t\t\t<div class=\"elementor-element elementor-element-18b7ca15 elementor-widget elementor-widget-ct_fancy_box\" data-id=\"18b7ca15\" data-element_type=\"widget\" data-widget_type=\"ct_fancy_box.default\">\r\n\t\t\t\t<div class=\"elementor-widget-container\">\r\n\t\t\t<div class=\"ct-fancy-box ct-fancy-box-layout3 style1 wow fadeInUp\" data-wow-delay=\"ms\">\r\n            <div class=\"item--icon\">\r\n            <i aria-hidden=\"true\" class=\"fas fa-phone-alt\"><\/i>        <\/div>\r\n            <div class=\"item--holder\">\r\n        <h3 class=\"item--title\">\r\n            Phone Number:        <\/h3>\r\n        <div class=\"item--description\">+90 212 407 00 51<\/div>\r\n    <\/div>\r\n<\/div>\t\t<\/div>\r\n\t\t\t\t<\/div>\r\n\t\t\t\t<div class=\"elementor-element elementor-element-1b301a3e elementor-widget elementor-widget-ct_fancy_box\" data-id=\"1b301a3e\" data-element_type=\"widget\" data-widget_type=\"ct_fancy_box.default\">\r\n\t\t\t\t<div class=\"elementor-widget-container\">\r\n\t\t\t<div class=\"ct-fancy-box ct-fancy-box-layout3 style1 wow fadeInUp\" data-wow-delay=\"ms\">\r\n            <div class=\"item--icon\">\r\n            <i aria-hidden=\"true\" class=\"fas fa-envelope\"><\/i>        <\/div>\r\n            <div class=\"item--holder\">\r\n        <h3 class=\"item--title\">\r\n            E-mail:        <\/h3>\r\n        <div class=\"item--description\">info@dpluskagit.com<\/div>\r\n    <\/div>\r\n<\/div>\t\t<\/div>\r\n\t\t\t\t<\/div>\r\n\t\t            <\/div>\n        <\/div>\n                <div class=\"elementor-column elementor-col-50 elementor-inner-column elementor-element elementor-element-2c6b7216\" data-id=\"2c6b7216\" data-element_type=\"column\">\n            <div class=\"elementor-widget-wrap\">\n                                    <\/div>\n        <\/div>\n                            <\/div>\n        <\/section>\n                    <\/div>\n        <\/div>\n                            <\/div>\n        <\/section>\n                <section class=\"elementor-section elementor-top-section elementor-element elementor-element-dd756b3 elementor-section-stretched elementor-section-full_width elementor-section-height-default elementor-section-height-default\" data-id=\"dd756b3\" data-element_type=\"section\" data-settings=\"{&quot;stretch_section&quot;:&quot;section-stretched&quot;}\">\n            \n                        <div class=\"elementor-container elementor-column-gap-no\">\n                    <div class=\"elementor-column elementor-col-100 elementor-top-column elementor-element elementor-element-eda45db\" data-id=\"eda45db\" data-element_type=\"column\">\n            <div class=\"elementor-widget-wrap elementor-element-populated\">\n                        \t\t<div class=\"elementor-element elementor-element-2d29b35 elementor-widget elementor-widget-google_maps\" data-id=\"2d29b35\" data-element_type=\"widget\" data-widget_type=\"google_maps.default\">\r\n\t\t\t\t<div class=\"elementor-widget-container\">\r\n\t\t\t\t\t<div class=\"elementor-custom-embed\">\r\n\t\t\t<iframe frameborder=\"0\" scrolling=\"no\" marginheight=\"0\" marginwidth=\"0\"\r\n\t\t\t\t\tsrc=\"https:\/\/maps.google.com\/maps?q=DPLUS%20KA%C4%9EIT%20SAN.VE%20DI%C5%9E%20T%C4%B0C.%20LTD.%20%C5%9ET%C4%B0&#038;t=m&#038;z=10&#038;output=embed&#038;iwloc=near\"\r\n\t\t\t\t\ttitle=\"DPLUS KA\u011eIT SAN.VE DI\u015e T\u0130C. LTD. \u015eT\u0130\"\r\n\t\t\t\t\taria-label=\"DPLUS KA\u011eIT SAN.VE DI\u015e T\u0130C. LTD. \u015eT\u0130\"\r\n\t\t\t><\/iframe>\r\n\t\t<\/div>\r\n\t\t\t\t<\/div>\r\n\t\t\t\t<\/div>\r\n\t\t            <\/div>\n        <\/div>\n                            <\/div>\n        <\/section>\n        \t\t\t\t\t<\/div>","protected":false},"excerpt":{"rendered":"<p>Fiyat teklifi ve bilgi almak isterseniz ileti\u015fime ge\u00e7iniz. L\u00fctfen a\u015fa\u011f\u0131daki bilgiler arac\u0131l\u0131\u011f\u0131yla bizimle ileti\u015fime ge\u00e7in veya talebinizi girin. Adres: \u0130OSB Sefak\u00f6y San.Sit.7.Blok No:22 Ba\u015fak\u015fehir 34306 \u0130STANBUL T: (0212) 407 00 51 Telefon: +90 212 407 00 51 E-mail: info@dpluskagit.com<\/p>","protected":false},"author":1,"featured_media":0,"parent":0,"menu_order":0,"comment_status":"closed","ping_status":"closed","template":"","meta":{"footnotes":""},"class_list":["post-5141","page","type-page","status-publish","hentry"],"yoast_head":"<!-- This site is optimized with the Yoast SEO plugin v21.8 - https:\/\/yoast.com\/wordpress\/plugins\/seo\/ -->\n<title>\u0130leti\u015fim - DPLUS KA\u011eIT SAN.VE DI\u015e T\u0130C. LTD. \u015eT\u0130.<\/title>\n<meta name=\"description\" content=\"Yerli ve Avrupa mukavva sert kapak kutu kapak \u00e7\u00f6z\u00fcmleri. Domestic and European cardboard hard cover box lid solutions. \u062d\u0644\u0648\u0644 \u063a\u0637\u0627\u0621 \u0635\u0646\u062f\u0648\u0642 \u0645\u0646 \u0627\u0644\u0648\u0631\u0642 \u0627\u0644\u0645\u0642\u0648\u0649 \u0627\u0644\u0645\u062d\u0644\u064a \u0648\u0627\u0644\u0623\u0648\u0631\u0648\u0628\u064a.\" \/>\n<meta name=\"robots\" content=\"index, follow, max-snippet:-1, max-image-preview:large, max-video-preview:-1\" \/>\n<link rel=\"canonical\" href=\"https:\/\/dpluskagit.com\/en\/iletisim\/\" \/>\n<meta property=\"og:locale\" content=\"en_GB\" \/>\n<meta property=\"og:type\" content=\"article\" \/>\n<meta property=\"og:title\" content=\"\u0130leti\u015fim - DPLUS KA\u011eIT SAN.VE DI\u015e T\u0130C. LTD. \u015eT\u0130.\" \/>\n<meta property=\"og:description\" content=\"Yerli ve Avrupa mukavva sert kapak kutu kapak \u00e7\u00f6z\u00fcmleri. Domestic and European cardboard hard cover box lid solutions. \u062d\u0644\u0648\u0644 \u063a\u0637\u0627\u0621 \u0635\u0646\u062f\u0648\u0642 \u0645\u0646 \u0627\u0644\u0648\u0631\u0642 \u0627\u0644\u0645\u0642\u0648\u0649 \u0627\u0644\u0645\u062d\u0644\u064a \u0648\u0627\u0644\u0623\u0648\u0631\u0648\u0628\u064a.\" \/>\n<meta property=\"og:url\" content=\"https:\/\/dpluskagit.com\/en\/iletisim\/\" \/>\n<meta property=\"og:site_name\" content=\"DPLUS KA\u011eIT SAN.VE DI\u015e T\u0130C. LTD. \u015eT\u0130.\" \/>\n<meta property=\"article:publisher\" content=\"https:\/\/www.facebook.com\/profile.php?id=100077008572152\" \/>\n<meta property=\"article:modified_time\" content=\"2024-11-21T14:20:33+00:00\" \/>\n<meta name=\"twitter:card\" content=\"summary_large_image\" \/>\n<meta name=\"twitter:label1\" content=\"Estimated reading time\" \/>\n\t<meta name=\"twitter:data1\" content=\"1 minute\" \/>\n<script type=\"application\/ld+json\" class=\"yoast-schema-graph\">{\"@context\":\"https:\/\/schema.org\",\"@graph\":[{\"@type\":\"WebPage\",\"@id\":\"https:\/\/dpluskagit.com\/iletisim\/\",\"url\":\"https:\/\/dpluskagit.com\/iletisim\/\",\"name\":\"\u0130leti\u015fim - DPLUS KA\u011eIT SAN.VE DI\u015e T\u0130C. LTD. \u015eT\u0130.\",\"isPartOf\":{\"@id\":\"https:\/\/dpluskagit.com\/#website\"},\"datePublished\":\"2022-03-21T14:16:22+00:00\",\"dateModified\":\"2024-11-21T14:20:33+00:00\",\"description\":\"Yerli ve Avrupa mukavva sert kapak kutu kapak \u00e7\u00f6z\u00fcmleri. Domestic and European cardboard hard cover box lid solutions. \u062d\u0644\u0648\u0644 \u063a\u0637\u0627\u0621 \u0635\u0646\u062f\u0648\u0642 \u0645\u0646 \u0627\u0644\u0648\u0631\u0642 \u0627\u0644\u0645\u0642\u0648\u0649 \u0627\u0644\u0645\u062d\u0644\u064a \u0648\u0627\u0644\u0623\u0648\u0631\u0648\u0628\u064a.\",\"breadcrumb\":{\"@id\":\"https:\/\/dpluskagit.com\/iletisim\/#breadcrumb\"},\"inLanguage\":\"en-GB\",\"potentialAction\":[{\"@type\":\"ReadAction\",\"target\":[\"https:\/\/dpluskagit.com\/iletisim\/\"]}]},{\"@type\":\"BreadcrumbList\",\"@id\":\"https:\/\/dpluskagit.com\/iletisim\/#breadcrumb\",\"itemListElement\":[{\"@type\":\"ListItem\",\"position\":1,\"name\":\"Anasayfa\",\"item\":\"https:\/\/dpluskagit.com\/\"},{\"@type\":\"ListItem\",\"position\":2,\"name\":\"\u0130leti\u015fim\"}]},{\"@type\":\"WebSite\",\"@id\":\"https:\/\/dpluskagit.com\/#website\",\"url\":\"https:\/\/dpluskagit.com\/\",\"name\":\"DPLUS KA\u011eIT SAN.VE DI\u015e T\u0130C. LTD. \u015eT\u0130.\",\"description\":\"Her t\u00fcrl\u00fc ka\u011f\u0131t, yerli mukavva ve avrupa mukavva\",\"publisher\":{\"@id\":\"https:\/\/dpluskagit.com\/#organization\"},\"potentialAction\":[{\"@type\":\"SearchAction\",\"target\":{\"@type\":\"EntryPoint\",\"urlTemplate\":\"https:\/\/dpluskagit.com\/?s={search_term_string}\"},\"query-input\":\"required name=search_term_string\"}],\"inLanguage\":\"en-GB\"},{\"@type\":\"Organization\",\"@id\":\"https:\/\/dpluskagit.com\/#organization\",\"name\":\"DPLUS KA\u011eIT SAN.VE DI\u015e T\u0130C. LTD. \u015eT\u0130.\",\"url\":\"https:\/\/dpluskagit.com\/\",\"logo\":{\"@type\":\"ImageObject\",\"inLanguage\":\"en-GB\",\"@id\":\"https:\/\/dpluskagit.com\/#\/schema\/logo\/image\/\",\"url\":\"https:\/\/dpluskagit.com\/wp-content\/uploads\/2022\/03\/sm-logo-scaled.jpg\",\"contentUrl\":\"https:\/\/dpluskagit.com\/wp-content\/uploads\/2022\/03\/sm-logo-scaled.jpg\",\"width\":2560,\"height\":2560,\"caption\":\"DPLUS KA\u011eIT SAN.VE DI\u015e T\u0130C. LTD. \u015eT\u0130.\"},\"image\":{\"@id\":\"https:\/\/dpluskagit.com\/#\/schema\/logo\/image\/\"},\"sameAs\":[\"https:\/\/www.facebook.com\/profile.php?id=100077008572152\",\"https:\/\/www.instagram.com\/dpluskagit\/\"]}]}<\/script>\n<!-- \/ Yoast SEO plugin. -->","yoast_head_json":{"title":"\u0130leti\u015fim - DPLUS KA\u011eIT SAN.VE DI\u015e T\u0130C. LTD. \u015eT\u0130.","description":"Yerli ve Avrupa mukavva sert kapak kutu kapak \u00e7\u00f6z\u00fcmleri. Domestic and European cardboard hard cover box lid solutions. \u062d\u0644\u0648\u0644 \u063a\u0637\u0627\u0621 \u0635\u0646\u062f\u0648\u0642 \u0645\u0646 \u0627\u0644\u0648\u0631\u0642 \u0627\u0644\u0645\u0642\u0648\u0649 \u0627\u0644\u0645\u062d\u0644\u064a \u0648\u0627\u0644\u0623\u0648\u0631\u0648\u0628\u064a.","robots":{"index":"index","follow":"follow","max-snippet":"max-snippet:-1","max-image-preview":"max-image-preview:large","max-video-preview":"max-video-preview:-1"},"canonical":"https:\/\/dpluskagit.com\/en\/iletisim\/","og_locale":"en_GB","og_type":"article","og_title":"\u0130leti\u015fim - DPLUS KA\u011eIT SAN.VE DI\u015e T\u0130C. LTD. \u015eT\u0130.","og_description":"Yerli ve Avrupa mukavva sert kapak kutu kapak \u00e7\u00f6z\u00fcmleri. Domestic and European cardboard hard cover box lid solutions. \u062d\u0644\u0648\u0644 \u063a\u0637\u0627\u0621 \u0635\u0646\u062f\u0648\u0642 \u0645\u0646 \u0627\u0644\u0648\u0631\u0642 \u0627\u0644\u0645\u0642\u0648\u0649 \u0627\u0644\u0645\u062d\u0644\u064a \u0648\u0627\u0644\u0623\u0648\u0631\u0648\u0628\u064a.","og_url":"https:\/\/dpluskagit.com\/en\/iletisim\/","og_site_name":"DPLUS KA\u011eIT SAN.VE DI\u015e T\u0130C. LTD. \u015eT\u0130.","article_publisher":"https:\/\/www.facebook.com\/profile.php?id=100077008572152","article_modified_time":"2024-11-21T14:20:33+00:00","twitter_card":"summary_large_image","twitter_misc":{"Estimated reading time":"1 minute"},"schema":{"@context":"https:\/\/schema.org","@graph":[{"@type":"WebPage","@id":"https:\/\/dpluskagit.com\/iletisim\/","url":"https:\/\/dpluskagit.com\/iletisim\/","name":"\u0130leti\u015fim - DPLUS KA\u011eIT SAN.VE DI\u015e T\u0130C. LTD. \u015eT\u0130.","isPartOf":{"@id":"https:\/\/dpluskagit.com\/#website"},"datePublished":"2022-03-21T14:16:22+00:00","dateModified":"2024-11-21T14:20:33+00:00","description":"Yerli ve Avrupa mukavva sert kapak kutu kapak \u00e7\u00f6z\u00fcmleri. Domestic and European cardboard hard cover box lid solutions. \u062d\u0644\u0648\u0644 \u063a\u0637\u0627\u0621 \u0635\u0646\u062f\u0648\u0642 \u0645\u0646 \u0627\u0644\u0648\u0631\u0642 \u0627\u0644\u0645\u0642\u0648\u0649 \u0627\u0644\u0645\u062d\u0644\u064a \u0648\u0627\u0644\u0623\u0648\u0631\u0648\u0628\u064a.","breadcrumb":{"@id":"https:\/\/dpluskagit.com\/iletisim\/#breadcrumb"},"inLanguage":"en-GB","potentialAction":[{"@type":"ReadAction","target":["https:\/\/dpluskagit.com\/iletisim\/"]}]},{"@type":"BreadcrumbList","@id":"https:\/\/dpluskagit.com\/iletisim\/#breadcrumb","itemListElement":[{"@type":"ListItem","position":1,"name":"Anasayfa","item":"https:\/\/dpluskagit.com\/"},{"@type":"ListItem","position":2,"name":"\u0130leti\u015fim"}]},{"@type":"WebSite","@id":"https:\/\/dpluskagit.com\/#website","url":"https:\/\/dpluskagit.com\/","name":"DPLUS KA\u011eIT SAN.VE DI\u015e T\u0130C. LTD. \u015eT\u0130.","description":"Her t\u00fcrl\u00fc ka\u011f\u0131t, yerli mukavva ve avrupa mukavva","publisher":{"@id":"https:\/\/dpluskagit.com\/#organization"},"potentialAction":[{"@type":"SearchAction","target":{"@type":"EntryPoint","urlTemplate":"https:\/\/dpluskagit.com\/?s={search_term_string}"},"query-input":"required name=search_term_string"}],"inLanguage":"en-GB"},{"@type":"Organization","@id":"https:\/\/dpluskagit.com\/#organization","name":"DPLUS KA\u011eIT SAN.VE DI\u015e T\u0130C. LTD. \u015eT\u0130.","url":"https:\/\/dpluskagit.com\/","logo":{"@type":"ImageObject","inLanguage":"en-GB","@id":"https:\/\/dpluskagit.com\/#\/schema\/logo\/image\/","url":"https:\/\/dpluskagit.com\/wp-content\/uploads\/2022\/03\/sm-logo-scaled.jpg","contentUrl":"https:\/\/dpluskagit.com\/wp-content\/uploads\/2022\/03\/sm-logo-scaled.jpg","width":2560,"height":2560,"caption":"DPLUS KA\u011eIT SAN.VE DI\u015e T\u0130C. LTD. \u015eT\u0130."},"image":{"@id":"https:\/\/dpluskagit.com\/#\/schema\/logo\/image\/"},"sameAs":["https:\/\/www.facebook.com\/profile.php?id=100077008572152","https:\/\/www.instagram.com\/dpluskagit\/"]}]}},"_links":{"self":[{"href":"https:\/\/dpluskagit.com\/en\/wp-json\/wp\/v2\/pages\/5141","targetHints":{"allow":["GET"]}}],"collection":[{"href":"https:\/\/dpluskagit.com\/en\/wp-json\/wp\/v2\/pages"}],"about":[{"href":"https:\/\/dpluskagit.com\/en\/wp-json\/wp\/v2\/types\/page"}],"author":[{"embeddable":true,"href":"https:\/\/dpluskagit.com\/en\/wp-json\/wp\/v2\/users\/1"}],"replies":[{"embeddable":true,"href":"https:\/\/dpluskagit.com\/en\/wp-json\/wp\/v2\/comments?post=5141"}],"version-history":[{"count":3,"href":"https:\/\/dpluskagit.com\/en\/wp-json\/wp\/v2\/pages\/5141\/revisions"}],"predecessor-version":[{"id":6791,"href":"https:\/\/dpluskagit.com\/en\/wp-json\/wp\/v2\/pages\/5141\/revisions\/6791"}],"wp:attachment":[{"href":"https:\/\/dpluskagit.com\/en\/wp-json\/wp\/v2\/media?parent=5141"}],"curies":[{"name":"wp","href":"https:\/\/api.w.org\/{rel}","templated":true}]}}