{"id":5281,"date":"2022-03-22T15:30:21","date_gmt":"2022-03-22T12:30:21","guid":{"rendered":"http:\/\/localhost\/dplus1\/?page_id=5281"},"modified":"2023-04-06T16:02:33","modified_gmt":"2023-04-06T13:02:33","slug":"kagit-grubu","status":"publish","type":"page","link":"https:\/\/dpluskagit.com\/en\/kagit-grubu\/","title":{"rendered":"Paper Group"},"content":{"rendered":"<div data-elementor-type=\"wp-page\" data-elementor-id=\"5281\" class=\"elementor elementor-5281\">\r\n\t\t\t\t\t\t\t        <section class=\"elementor-section elementor-top-section elementor-element elementor-element-bf4d915 elementor-section-boxed elementor-section-height-default elementor-section-height-default\" data-id=\"bf4d915\" data-element_type=\"section\">\n            \n                        <div class=\"elementor-container elementor-column-gap-extended\">\n                    <div class=\"elementor-column elementor-col-100 elementor-top-column elementor-element elementor-element-5282614\" data-id=\"5282614\" data-element_type=\"column\">\n            <div class=\"elementor-widget-wrap elementor-element-populated\">\n                        \t\t<div class=\"elementor-element elementor-element-9d091b6 elementor-widget elementor-widget-ct_heading\" data-id=\"9d091b6\" data-element_type=\"widget\" data-widget_type=\"ct_heading.default\">\r\n\t\t\t\t<div class=\"elementor-widget-container\">\r\n\t\t\t<div class=\"ct-heading h-align-  sub- ct-heading-left item-st-line-left1\">\r\n\t    <h3 class=\"item--title st-line-left1\" data-wow-delay=\"ms\">\r\n                <span>\r\n                            <i><\/i>\r\n            \r\n            Paper Group\r\n                    <\/span>\r\n            <\/h3>\r\n<\/div>\t\t<\/div>\r\n\t\t\t\t<\/div>\r\n\t\t            <\/div>\n        <\/div>\n                            <\/div>\n        <\/section>\n                <section class=\"elementor-section elementor-top-section elementor-element elementor-element-b1c746f elementor-section-boxed elementor-section-height-default elementor-section-height-default\" data-id=\"b1c746f\" data-element_type=\"section\">\n            \n                        <div class=\"elementor-container elementor-column-gap-default\">\n                    <div class=\"elementor-column elementor-col-100 elementor-top-column elementor-element elementor-element-569bea9\" data-id=\"569bea9\" data-element_type=\"column\">\n            <div class=\"elementor-widget-wrap elementor-element-populated\">\n                        \t\t<div class=\"elementor-element elementor-element-8ce182e elementor-widget elementor-widget-ct_case_study_grid\" data-id=\"8ce182e\" data-element_type=\"widget\" data-widget_type=\"ct_case_study_grid.default\">\r\n\t\t\t\t<div class=\"elementor-widget-container\">\r\n\t\t\t\r\n<div id=\"ct_case_study_grid-8ce182e\" class=\"ct-grid ct-case-study-grid1\" data-layout=\"masonry\" data-start-page=\"1\" data-max-pages=\"1\" data-total=\"4\" data-perpage=\"4\" data-next-link=\"\">\r\n    <div class=\"ct-grid-overlay\"><\/div>\r\n    \r\n    <div class=\"ct-grid-inner ct-grid-masonry row animate-time\" data-gutter=\"15\">\r\n                        <div class=\"grid-item col-xl-6 col-lg-6 col-md-6 col-sm-6 col-12\">\r\n                    <div class=\"grid-item-inner\">\r\n\r\n                                                    <div class=\"item--featured\">\r\n                                <a href=\"https:\/\/dpluskagit.com\/en\/Ka\u011f\u0131t%20Grubu\/birinci-hamur-kagit\/\"><img decoding=\"async\" class=\"\" src=\"https:\/\/dpluskagit.com\/wp-content\/uploads\/2022\/03\/1-hamur-520x600.jpg\" width=\"520\" height=\"600\" alt=\"1 hamur\" title=\"1 hamur\" \/><\/a>\r\n                            <\/div>\r\n                                                \r\n                        <div class=\"item--holder\">\r\n                            <div class=\"item--meta\">\r\n                                                                    <div class=\"item--category\">\r\n                                        <a href=\"https:\/\/dpluskagit.com\/en\/case-study-category\/birinci-hamur-kagit\/\" rel=\"tag\">First Pulp Paper<\/a>                                    <\/div>\r\n                                                                                                    <h3 class=\"item--title\"><a href=\"https:\/\/dpluskagit.com\/en\/Ka\u011f\u0131t%20Grubu\/birinci-hamur-kagit\/\">First pulp paper properties and usage areas<\/a><\/h3>\r\n                                                                                                    <div class=\"item--readmore\">\r\n                                        <a href=\"https:\/\/dpluskagit.com\/en\/Ka\u011f\u0131t%20Grubu\/birinci-hamur-kagit\/\">+<\/a>\r\n                                    <\/div>\r\n                                                            <\/div>\r\n                        <\/div>\r\n\r\n                    <\/div>\r\n                <\/div>\r\n                            <div class=\"grid-item col-xl-6 col-lg-6 col-md-6 col-sm-6 col-12\">\r\n                    <div class=\"grid-item-inner\">\r\n\r\n                                                    <div class=\"item--featured\">\r\n                                <a href=\"https:\/\/dpluskagit.com\/en\/Ka\u011f\u0131t%20Grubu\/kuse-kagit\/\"><img decoding=\"async\" class=\"\" src=\"https:\/\/dpluskagit.com\/wp-content\/uploads\/2022\/03\/kuse-520x600.jpg\" width=\"520\" height=\"600\" alt=\"kuse\" title=\"kuse\" \/><\/a>\r\n                            <\/div>\r\n                                                \r\n                        <div class=\"item--holder\">\r\n                            <div class=\"item--meta\">\r\n                                                                    <div class=\"item--category\">\r\n                                        <a href=\"https:\/\/dpluskagit.com\/en\/case-study-category\/kuse-kagit\/\" rel=\"tag\">Coated Paper<\/a>                                    <\/div>\r\n                                                                                                    <h3 class=\"item--title\"><a href=\"https:\/\/dpluskagit.com\/en\/Ka\u011f\u0131t%20Grubu\/kuse-kagit\/\">Features and uses of coated papers<\/a><\/h3>\r\n                                                                                                    <div class=\"item--readmore\">\r\n                                        <a href=\"https:\/\/dpluskagit.com\/en\/Ka\u011f\u0131t%20Grubu\/kuse-kagit\/\">+<\/a>\r\n                                    <\/div>\r\n                                                            <\/div>\r\n                        <\/div>\r\n\r\n                    <\/div>\r\n                <\/div>\r\n                            <div class=\"grid-item col-xl-6 col-lg-6 col-md-6 col-sm-6 col-12\">\r\n                    <div class=\"grid-item-inner\">\r\n\r\n                                                    <div class=\"item--featured\">\r\n                                <a href=\"https:\/\/dpluskagit.com\/en\/Ka\u011f\u0131t%20Grubu\/amerikan-bristol-ozellikleri-ve-kullanim-alanlari\/\"><img decoding=\"async\" class=\"\" src=\"https:\/\/dpluskagit.com\/wp-content\/uploads\/2022\/03\/amerikan-bristol-2-520x600.jpg\" width=\"520\" height=\"600\" alt=\"amerikan bristol\" title=\"amerikan bristol\" \/><\/a>\r\n                            <\/div>\r\n                                                \r\n                        <div class=\"item--holder\">\r\n                            <div class=\"item--meta\">\r\n                                                                    <div class=\"item--category\">\r\n                                        <a href=\"https:\/\/dpluskagit.com\/en\/case-study-category\/amerikan-bristol\/\" rel=\"tag\">American Bristol Paper<\/a>                                    <\/div>\r\n                                                                                                    <h3 class=\"item--title\"><a href=\"https:\/\/dpluskagit.com\/en\/Ka\u011f\u0131t%20Grubu\/amerikan-bristol-ozellikleri-ve-kullanim-alanlari\/\">American Bristol features and uses<\/a><\/h3>\r\n                                                                                                    <div class=\"item--readmore\">\r\n                                        <a href=\"https:\/\/dpluskagit.com\/en\/Ka\u011f\u0131t%20Grubu\/amerikan-bristol-ozellikleri-ve-kullanim-alanlari\/\">+<\/a>\r\n                                    <\/div>\r\n                                                            <\/div>\r\n                        <\/div>\r\n\r\n                    <\/div>\r\n                <\/div>\r\n                            <div class=\"grid-item col-xl-6 col-lg-6 col-md-6 col-sm-6 col-12\">\r\n                    <div class=\"grid-item-inner\">\r\n\r\n                                                    <div class=\"item--featured\">\r\n                                <a href=\"https:\/\/dpluskagit.com\/en\/Ka\u011f\u0131t%20Grubu\/krome-karton-kagitlarin-ozellikleri-ve-kullanim-alanlari\/\"><img decoding=\"async\" class=\"\" src=\"https:\/\/dpluskagit.com\/wp-content\/uploads\/2022\/03\/krome-karton-2-520x600.jpg\" width=\"520\" height=\"600\" alt=\"krome karton\" title=\"krome karton\" \/><\/a>\r\n                            <\/div>\r\n                                                \r\n                        <div class=\"item--holder\">\r\n                            <div class=\"item--meta\">\r\n                                                                    <div class=\"item--category\">\r\n                                        <a href=\"https:\/\/dpluskagit.com\/en\/case-study-category\/krome-karton-kagit\/\" rel=\"tag\">Chrome Cardboard Paper<\/a>                                    <\/div>\r\n                                                                                                    <h3 class=\"item--title\"><a href=\"https:\/\/dpluskagit.com\/en\/Ka\u011f\u0131t%20Grubu\/krome-karton-kagitlarin-ozellikleri-ve-kullanim-alanlari\/\">Features and usage areas of Chrome Cardboard Papers<\/a><\/h3>\r\n                                                                                                    <div class=\"item--readmore\">\r\n                                        <a href=\"https:\/\/dpluskagit.com\/en\/Ka\u011f\u0131t%20Grubu\/krome-karton-kagitlarin-ozellikleri-ve-kullanim-alanlari\/\">+<\/a>\r\n                                    <\/div>\r\n                                                            <\/div>\r\n                        <\/div>\r\n\r\n                    <\/div>\r\n                <\/div>\r\n                                <div class=\"grid-sizer col-xl-6 col-lg-6 col-md-6 col-sm-6 col-12\"><\/div>\r\n            <\/div>\r\n        <\/div>\t\t<\/div>\r\n\t\t\t\t<\/div>\r\n\t\t            <\/div>\n        <\/div>\n                            <\/div>\n        <\/section>\n        \t\t\t\t\t<\/div>","protected":false},"excerpt":{"rendered":"<p>Ka\u011f\u0131t Grubu Birinci Hamur Ka\u011f\u0131t Birinci hamur ka\u011f\u0131t \u00f6zellikleri ve kullan\u0131m alanlar\u0131 + Ku\u015fe Ka\u011f\u0131t Ku\u015fe ka\u011f\u0131tlar\u0131n \u00f6zellikleri ve kullan\u0131m alanlar\u0131 + Amerikan Bristol Ka\u011f\u0131t Amerikan Bristol \u00f6zellikleri ve kullan\u0131m alanlar\u0131 + Krome Karton Ka\u011f\u0131t Krome Karton Ka\u011f\u0131tlar\u0131n \u00f6zellikleri ve kullan\u0131m alanlar\u0131 +<\/p>","protected":false},"author":1,"featured_media":0,"parent":0,"menu_order":0,"comment_status":"closed","ping_status":"closed","template":"","meta":{"footnotes":""},"class_list":["post-5281","page","type-page","status-publish","hentry"],"yoast_head":"<!-- This site is optimized with the Yoast SEO plugin v21.8 - https:\/\/yoast.com\/wordpress\/plugins\/seo\/ -->\n<title>Ka\u011f\u0131t Grubu - DPLUS KA\u011eIT SAN.VE DI\u015e T\u0130C. LTD. \u015eT\u0130.<\/title>\n<meta name=\"description\" content=\"1 Hamur ka\u011f\u0131t Amerikan bristol ka\u011f\u0131t krome karton 1 Pulp paper American bristol paper chrome cardboard 1 \u0644\u0628 \u0627\u0644\u0648\u0631\u0642 \u0627\u0644\u0623\u0645\u0631\u064a\u0643\u064a\u0629 \u0648\u0631\u0642 \u0628\u0631\u064a\u0633\u062a\u0648\u0644 \u0643\u0631\u0648\u0645 \u0643\u0631\u062a\u0648\u0646\" \/>\n<meta name=\"robots\" content=\"index, follow, max-snippet:-1, max-image-preview:large, max-video-preview:-1\" \/>\n<link rel=\"canonical\" href=\"https:\/\/dpluskagit.com\/en\/kagit-grubu\/\" \/>\n<meta property=\"og:locale\" content=\"en_GB\" \/>\n<meta property=\"og:type\" content=\"article\" \/>\n<meta property=\"og:title\" content=\"Ka\u011f\u0131t Grubu - DPLUS KA\u011eIT SAN.VE DI\u015e T\u0130C. LTD. \u015eT\u0130.\" \/>\n<meta property=\"og:description\" content=\"1 Hamur ka\u011f\u0131t Amerikan bristol ka\u011f\u0131t krome karton 1 Pulp paper American bristol paper chrome cardboard 1 \u0644\u0628 \u0627\u0644\u0648\u0631\u0642 \u0627\u0644\u0623\u0645\u0631\u064a\u0643\u064a\u0629 \u0648\u0631\u0642 \u0628\u0631\u064a\u0633\u062a\u0648\u0644 \u0643\u0631\u0648\u0645 \u0643\u0631\u062a\u0648\u0646\" \/>\n<meta property=\"og:url\" content=\"https:\/\/dpluskagit.com\/en\/kagit-grubu\/\" \/>\n<meta property=\"og:site_name\" content=\"DPLUS KA\u011eIT SAN.VE DI\u015e T\u0130C. LTD. \u015eT\u0130.\" \/>\n<meta property=\"article:publisher\" content=\"https:\/\/www.facebook.com\/profile.php?id=100077008572152\" \/>\n<meta property=\"article:modified_time\" content=\"2023-04-06T13:02:33+00:00\" \/>\n<meta property=\"og:image\" content=\"https:\/\/dpluskagit.com\/wp-content\/uploads\/2022\/03\/1-hamur-2-520x600.jpg\" \/>\n<meta name=\"twitter:card\" content=\"summary_large_image\" \/>\n<meta name=\"twitter:label1\" content=\"Estimated reading time\" \/>\n\t<meta name=\"twitter:data1\" content=\"2 minutes\" \/>\n<script type=\"application\/ld+json\" class=\"yoast-schema-graph\">{\"@context\":\"https:\/\/schema.org\",\"@graph\":[{\"@type\":\"WebPage\",\"@id\":\"https:\/\/dpluskagit.com\/kagit-grubu\/\",\"url\":\"https:\/\/dpluskagit.com\/kagit-grubu\/\",\"name\":\"Ka\u011f\u0131t Grubu - DPLUS KA\u011eIT SAN.VE DI\u015e T\u0130C. LTD. \u015eT\u0130.\",\"isPartOf\":{\"@id\":\"https:\/\/dpluskagit.com\/#website\"},\"datePublished\":\"2022-03-22T12:30:21+00:00\",\"dateModified\":\"2023-04-06T13:02:33+00:00\",\"description\":\"1 Hamur ka\u011f\u0131t Amerikan bristol ka\u011f\u0131t krome karton 1 Pulp paper American bristol paper chrome cardboard 1 \u0644\u0628 \u0627\u0644\u0648\u0631\u0642 \u0627\u0644\u0623\u0645\u0631\u064a\u0643\u064a\u0629 \u0648\u0631\u0642 \u0628\u0631\u064a\u0633\u062a\u0648\u0644 \u0643\u0631\u0648\u0645 \u0643\u0631\u062a\u0648\u0646\",\"breadcrumb\":{\"@id\":\"https:\/\/dpluskagit.com\/kagit-grubu\/#breadcrumb\"},\"inLanguage\":\"en-GB\",\"potentialAction\":[{\"@type\":\"ReadAction\",\"target\":[\"https:\/\/dpluskagit.com\/kagit-grubu\/\"]}]},{\"@type\":\"BreadcrumbList\",\"@id\":\"https:\/\/dpluskagit.com\/kagit-grubu\/#breadcrumb\",\"itemListElement\":[{\"@type\":\"ListItem\",\"position\":1,\"name\":\"Anasayfa\",\"item\":\"https:\/\/dpluskagit.com\/\"},{\"@type\":\"ListItem\",\"position\":2,\"name\":\"Ka\u011f\u0131t Grubu\"}]},{\"@type\":\"WebSite\",\"@id\":\"https:\/\/dpluskagit.com\/#website\",\"url\":\"https:\/\/dpluskagit.com\/\",\"name\":\"DPLUS KA\u011eIT SAN.VE DI\u015e T\u0130C. LTD. \u015eT\u0130.\",\"description\":\"Her t\u00fcrl\u00fc ka\u011f\u0131t, yerli mukavva ve avrupa mukavva\",\"publisher\":{\"@id\":\"https:\/\/dpluskagit.com\/#organization\"},\"potentialAction\":[{\"@type\":\"SearchAction\",\"target\":{\"@type\":\"EntryPoint\",\"urlTemplate\":\"https:\/\/dpluskagit.com\/?s={search_term_string}\"},\"query-input\":\"required name=search_term_string\"}],\"inLanguage\":\"en-GB\"},{\"@type\":\"Organization\",\"@id\":\"https:\/\/dpluskagit.com\/#organization\",\"name\":\"DPLUS KA\u011eIT SAN.VE DI\u015e T\u0130C. LTD. \u015eT\u0130.\",\"url\":\"https:\/\/dpluskagit.com\/\",\"logo\":{\"@type\":\"ImageObject\",\"inLanguage\":\"en-GB\",\"@id\":\"https:\/\/dpluskagit.com\/#\/schema\/logo\/image\/\",\"url\":\"https:\/\/dpluskagit.com\/wp-content\/uploads\/2022\/03\/sm-logo-scaled.jpg\",\"contentUrl\":\"https:\/\/dpluskagit.com\/wp-content\/uploads\/2022\/03\/sm-logo-scaled.jpg\",\"width\":2560,\"height\":2560,\"caption\":\"DPLUS KA\u011eIT SAN.VE DI\u015e T\u0130C. LTD. \u015eT\u0130.\"},\"image\":{\"@id\":\"https:\/\/dpluskagit.com\/#\/schema\/logo\/image\/\"},\"sameAs\":[\"https:\/\/www.facebook.com\/profile.php?id=100077008572152\",\"https:\/\/www.instagram.com\/dpluskagit\/\"]}]}<\/script>\n<!-- \/ Yoast SEO plugin. -->","yoast_head_json":{"title":"Ka\u011f\u0131t Grubu - DPLUS KA\u011eIT SAN.VE DI\u015e T\u0130C. LTD. \u015eT\u0130.","description":"1 Hamur ka\u011f\u0131t Amerikan bristol ka\u011f\u0131t krome karton 1 Pulp paper American bristol paper chrome cardboard 1 \u0644\u0628 \u0627\u0644\u0648\u0631\u0642 \u0627\u0644\u0623\u0645\u0631\u064a\u0643\u064a\u0629 \u0648\u0631\u0642 \u0628\u0631\u064a\u0633\u062a\u0648\u0644 \u0643\u0631\u0648\u0645 \u0643\u0631\u062a\u0648\u0646","robots":{"index":"index","follow":"follow","max-snippet":"max-snippet:-1","max-image-preview":"max-image-preview:large","max-video-preview":"max-video-preview:-1"},"canonical":"https:\/\/dpluskagit.com\/en\/kagit-grubu\/","og_locale":"en_GB","og_type":"article","og_title":"Ka\u011f\u0131t Grubu - DPLUS KA\u011eIT SAN.VE DI\u015e T\u0130C. LTD. \u015eT\u0130.","og_description":"1 Hamur ka\u011f\u0131t Amerikan bristol ka\u011f\u0131t krome karton 1 Pulp paper American bristol paper chrome cardboard 1 \u0644\u0628 \u0627\u0644\u0648\u0631\u0642 \u0627\u0644\u0623\u0645\u0631\u064a\u0643\u064a\u0629 \u0648\u0631\u0642 \u0628\u0631\u064a\u0633\u062a\u0648\u0644 \u0643\u0631\u0648\u0645 \u0643\u0631\u062a\u0648\u0646","og_url":"https:\/\/dpluskagit.com\/en\/kagit-grubu\/","og_site_name":"DPLUS KA\u011eIT SAN.VE DI\u015e T\u0130C. LTD. \u015eT\u0130.","article_publisher":"https:\/\/www.facebook.com\/profile.php?id=100077008572152","article_modified_time":"2023-04-06T13:02:33+00:00","og_image":[{"url":"https:\/\/dpluskagit.com\/wp-content\/uploads\/2022\/03\/1-hamur-2-520x600.jpg"}],"twitter_card":"summary_large_image","twitter_misc":{"Estimated reading time":"2 minutes"},"schema":{"@context":"https:\/\/schema.org","@graph":[{"@type":"WebPage","@id":"https:\/\/dpluskagit.com\/kagit-grubu\/","url":"https:\/\/dpluskagit.com\/kagit-grubu\/","name":"Ka\u011f\u0131t Grubu - DPLUS KA\u011eIT SAN.VE DI\u015e T\u0130C. LTD. \u015eT\u0130.","isPartOf":{"@id":"https:\/\/dpluskagit.com\/#website"},"datePublished":"2022-03-22T12:30:21+00:00","dateModified":"2023-04-06T13:02:33+00:00","description":"1 Hamur ka\u011f\u0131t Amerikan bristol ka\u011f\u0131t krome karton 1 Pulp paper American bristol paper chrome cardboard 1 \u0644\u0628 \u0627\u0644\u0648\u0631\u0642 \u0627\u0644\u0623\u0645\u0631\u064a\u0643\u064a\u0629 \u0648\u0631\u0642 \u0628\u0631\u064a\u0633\u062a\u0648\u0644 \u0643\u0631\u0648\u0645 \u0643\u0631\u062a\u0648\u0646","breadcrumb":{"@id":"https:\/\/dpluskagit.com\/kagit-grubu\/#breadcrumb"},"inLanguage":"en-GB","potentialAction":[{"@type":"ReadAction","target":["https:\/\/dpluskagit.com\/kagit-grubu\/"]}]},{"@type":"BreadcrumbList","@id":"https:\/\/dpluskagit.com\/kagit-grubu\/#breadcrumb","itemListElement":[{"@type":"ListItem","position":1,"name":"Anasayfa","item":"https:\/\/dpluskagit.com\/"},{"@type":"ListItem","position":2,"name":"Ka\u011f\u0131t Grubu"}]},{"@type":"WebSite","@id":"https:\/\/dpluskagit.com\/#website","url":"https:\/\/dpluskagit.com\/","name":"DPLUS KA\u011eIT SAN.VE DI\u015e T\u0130C. LTD. \u015eT\u0130.","description":"Her t\u00fcrl\u00fc ka\u011f\u0131t, yerli mukavva ve avrupa mukavva","publisher":{"@id":"https:\/\/dpluskagit.com\/#organization"},"potentialAction":[{"@type":"SearchAction","target":{"@type":"EntryPoint","urlTemplate":"https:\/\/dpluskagit.com\/?s={search_term_string}"},"query-input":"required name=search_term_string"}],"inLanguage":"en-GB"},{"@type":"Organization","@id":"https:\/\/dpluskagit.com\/#organization","name":"DPLUS KA\u011eIT SAN.VE DI\u015e T\u0130C. LTD. \u015eT\u0130.","url":"https:\/\/dpluskagit.com\/","logo":{"@type":"ImageObject","inLanguage":"en-GB","@id":"https:\/\/dpluskagit.com\/#\/schema\/logo\/image\/","url":"https:\/\/dpluskagit.com\/wp-content\/uploads\/2022\/03\/sm-logo-scaled.jpg","contentUrl":"https:\/\/dpluskagit.com\/wp-content\/uploads\/2022\/03\/sm-logo-scaled.jpg","width":2560,"height":2560,"caption":"DPLUS KA\u011eIT SAN.VE DI\u015e T\u0130C. LTD. \u015eT\u0130."},"image":{"@id":"https:\/\/dpluskagit.com\/#\/schema\/logo\/image\/"},"sameAs":["https:\/\/www.facebook.com\/profile.php?id=100077008572152","https:\/\/www.instagram.com\/dpluskagit\/"]}]}},"_links":{"self":[{"href":"https:\/\/dpluskagit.com\/en\/wp-json\/wp\/v2\/pages\/5281","targetHints":{"allow":["GET"]}}],"collection":[{"href":"https:\/\/dpluskagit.com\/en\/wp-json\/wp\/v2\/pages"}],"about":[{"href":"https:\/\/dpluskagit.com\/en\/wp-json\/wp\/v2\/types\/page"}],"author":[{"embeddable":true,"href":"https:\/\/dpluskagit.com\/en\/wp-json\/wp\/v2\/users\/1"}],"replies":[{"embeddable":true,"href":"https:\/\/dpluskagit.com\/en\/wp-json\/wp\/v2\/comments?post=5281"}],"version-history":[{"count":0,"href":"https:\/\/dpluskagit.com\/en\/wp-json\/wp\/v2\/pages\/5281\/revisions"}],"wp:attachment":[{"href":"https:\/\/dpluskagit.com\/en\/wp-json\/wp\/v2\/media?parent=5281"}],"curies":[{"name":"wp","href":"https:\/\/api.w.org\/{rel}","templated":true}]}}