{"id":6557,"date":"2022-05-31T11:54:34","date_gmt":"2022-05-31T08:54:34","guid":{"rendered":"https:\/\/dpluskagit.com\/?page_id=6557"},"modified":"2023-04-06T16:14:13","modified_gmt":"2023-04-06T13:14:13","slug":"sert-kapak-taslama","status":"publish","type":"page","link":"https:\/\/dpluskagit.com\/en\/sert-kapak-taslama\/","title":{"rendered":"Hard Cover Drafting"},"content":{"rendered":"<div data-elementor-type=\"wp-page\" data-elementor-id=\"6557\" class=\"elementor elementor-6557\">\r\n\t\t\t\t\t\t\t        <section class=\"elementor-section elementor-top-section elementor-element elementor-element-66a5a13 elementor-section-boxed elementor-section-height-default elementor-section-height-default\" data-id=\"66a5a13\" data-element_type=\"section\">\n            \n                        <div class=\"elementor-container elementor-column-gap-default\">\n                    <div class=\"elementor-column elementor-col-100 elementor-top-column elementor-element elementor-element-0dddaa1\" data-id=\"0dddaa1\" data-element_type=\"column\">\n            <div class=\"elementor-widget-wrap elementor-element-populated\">\n                        \t\t<div class=\"elementor-element elementor-element-23877c9 elementor-widget elementor-widget-ct_heading\" data-id=\"23877c9\" data-element_type=\"widget\" data-widget_type=\"ct_heading.default\">\r\n\t\t\t\t<div class=\"elementor-widget-container\">\r\n\t\t\t<div class=\"ct-heading h-align-  sub-style1 ct-heading-left item-st-line-left3\">\r\n\t\t\t<div class=\"item--sub-title style1 show-line\">\r\n                        Our Machinery                                <\/div>\r\n\t    <h3 class=\"item--title st-line-left3\" data-wow-delay=\"ms\">\r\n                <span>\r\n            \r\n            KOLBUS Cap Making Machine DA 270\r\n                            <i class=\"dot-shape\">\r\n                    <i><\/i>\r\n                    <i><\/i>\r\n                    <i><\/i>\r\n                    <i><\/i>\r\n                    <i><\/i>\r\n                    <i><\/i>\r\n                <\/i>\r\n                    <\/span>\r\n            <\/h3>\r\n<\/div>\t\t<\/div>\r\n\t\t\t\t<\/div>\r\n\t\t            <\/div>\n        <\/div>\n                            <\/div>\n        <\/section>\n                <section class=\"elementor-section elementor-top-section elementor-element elementor-element-7448d1a elementor-section-boxed elementor-section-height-default elementor-section-height-default\" data-id=\"7448d1a\" data-element_type=\"section\">\n            \n                        <div class=\"elementor-container elementor-column-gap-default\">\n                    <div class=\"elementor-column elementor-col-100 elementor-top-column elementor-element elementor-element-0b7217f\" data-id=\"0b7217f\" data-element_type=\"column\">\n            <div class=\"elementor-widget-wrap elementor-element-populated\">\n                        \t\t<div class=\"elementor-element elementor-element-70de881 elementor-widget elementor-widget-image\" data-id=\"70de881\" data-element_type=\"widget\" data-widget_type=\"image.default\">\r\n\t\t\t\t<div class=\"elementor-widget-container\">\r\n\t\t\t\t\t\t\t\t\t\t\t\t\t\t\t\t<a href=\"https:\/\/dpluskagit.com\/wp-content\/uploads\/2022\/06\/Kolbus-Casemaker-DA-270.jpg\" data-elementor-open-lightbox=\"yes\" data-elementor-lightbox-title=\"Kolbus Casemaker DA 270\" e-action-hash=\"#elementor-action%3Aaction%3Dlightbox%26settings%3DeyJpZCI6NjYyNywidXJsIjoiaHR0cHM6XC9cL2RwbHVza2FnaXQuY29tXC93cC1jb250ZW50XC91cGxvYWRzXC8yMDIyXC8wNlwvS29sYnVzLUNhc2VtYWtlci1EQS0yNzAuanBnIn0%3D\">\r\n\t\t\t\t\t\t\t<img decoding=\"async\" width=\"1000\" height=\"517\" src=\"https:\/\/dpluskagit.com\/wp-content\/uploads\/2022\/06\/Kolbus-Casemaker-DA-270.jpg\" class=\"attachment-full size-full\" alt=\"\" srcset=\"https:\/\/dpluskagit.com\/wp-content\/uploads\/2022\/06\/Kolbus-Casemaker-DA-270.jpg 1000w, https:\/\/dpluskagit.com\/wp-content\/uploads\/2022\/06\/Kolbus-Casemaker-DA-270-300x155.jpg 300w, https:\/\/dpluskagit.com\/wp-content\/uploads\/2022\/06\/Kolbus-Casemaker-DA-270-768x397.jpg 768w, https:\/\/dpluskagit.com\/wp-content\/uploads\/2022\/06\/Kolbus-Casemaker-DA-270-18x9.jpg 18w\" sizes=\"(max-width: 1000px) 100vw, 1000px\" \/>\t\t\t\t\t\t\t\t<\/a>\r\n\t\t\t\t\t\t\t\t\t\t\t\t\t\t\t<\/div>\r\n\t\t\t\t<\/div>\r\n\t\t            <\/div>\n        <\/div>\n                            <\/div>\n        <\/section>\n                <section class=\"elementor-section elementor-top-section elementor-element elementor-element-ef31ef9 elementor-section-boxed elementor-section-height-default elementor-section-height-default\" data-id=\"ef31ef9\" data-element_type=\"section\">\n            \n                        <div class=\"elementor-container elementor-column-gap-default\">\n                    <div class=\"elementor-column elementor-col-100 elementor-top-column elementor-element elementor-element-a365f78\" data-id=\"a365f78\" data-element_type=\"column\">\n            <div class=\"elementor-widget-wrap elementor-element-populated\">\n                        \t\t<div class=\"elementor-element elementor-element-84f8679 elementor-widget elementor-widget-ct_heading\" data-id=\"84f8679\" data-element_type=\"widget\" data-widget_type=\"ct_heading.default\">\r\n\t\t\t\t<div class=\"elementor-widget-container\">\r\n\t\t\t<div class=\"ct-heading h-align-  sub-style1 ct-heading-left item-st-default\">\r\n\t    <h3 class=\"item--title st-default\" data-wow-delay=\"ms\">\r\n                <span>\r\n            \r\n            Features and Usage Areas\r\n                    <\/span>\r\n            <\/h3>\r\n<\/div>\t\t<\/div>\r\n\t\t\t\t<\/div>\r\n\t\t\t\t<div class=\"elementor-element elementor-element-b8e8573 elementor-widget elementor-widget-text-editor\" data-id=\"b8e8573\" data-element_type=\"widget\" data-widget_type=\"text-editor.default\">\r\n\t\t\t\t<div class=\"elementor-widget-container\">\r\n\t\t\t\t\t\t\t<p>With the performance of our Kolbus DA 270 Cover grinding machine at speeds up to 65 revolutions per minute;<\/p><p>Book covers,<br \/>Folder, <br \/>Color chart titles, <br \/>Luxury boxes with pool<br \/>Puzzle,<br \/>Plate,<br \/>Cake Bottom Carton,<br \/>Turn card, <br \/>and <br \/>We manufacture all hard cover grinding products.<\/p>\t\t\t\t\t\t<\/div>\r\n\t\t\t\t<\/div>\r\n\t\t            <\/div>\n        <\/div>\n                            <\/div>\n        <\/section>\n        \t\t\t\t\t<\/div>","protected":false},"excerpt":{"rendered":"<p>Makine Parkurumuz KOLBUS Kapak Taslama Makinesi DA 270 \u00d6zellikler ve Kullan\u0131m Alanlar\u0131 Kolbus DA 270 Kapak taslama makinemizin dakikada 65 devire varan h\u0131zlarda performans\u0131 ile; Kitap kapaklar\u0131, Klas\u00f6r, Kartela ba\u015fl\u0131klar\u0131, Havuzlu l\u00fcks kutular Puzzle, Plaket, Pasta alt\u0131, D\u00f6n kart, ve T\u00fcm sert kapak taslama \u00fcr\u00fcnlerinin imalat\u0131n\u0131 yapmaktay\u0131z.<\/p>","protected":false},"author":1,"featured_media":0,"parent":0,"menu_order":0,"comment_status":"closed","ping_status":"closed","template":"","meta":{"footnotes":""},"class_list":["post-6557","page","type-page","status-publish","hentry"],"yoast_head":"<!-- This site is optimized with the Yoast SEO plugin v21.8 - https:\/\/yoast.com\/wordpress\/plugins\/seo\/ -->\n<title>Sert Kapak Taslama - DPLUS KA\u011eIT SAN.VE DI\u015e T\u0130C. LTD. \u015eT\u0130.<\/title>\n<meta name=\"description\" content=\"Sert Kapak Taslama kutu kapak imalat\u0131 Hard Cover Drafting box cover manufacturing \u0627\u0644\u063a\u0644\u0627\u0641 \u0627\u0644\u0635\u0644\u0628 \u0635\u064a\u0627\u063a\u0629 \u063a\u0637\u0627\u0621 \u0645\u0631\u0628\u0639 \u0627\u0644\u062a\u0635\u0646\u064a\u0639\" \/>\n<meta name=\"robots\" content=\"index, follow, max-snippet:-1, max-image-preview:large, max-video-preview:-1\" \/>\n<link rel=\"canonical\" href=\"https:\/\/dpluskagit.com\/en\/sert-kapak-taslama\/\" \/>\n<meta property=\"og:locale\" content=\"en_GB\" \/>\n<meta property=\"og:type\" content=\"article\" \/>\n<meta property=\"og:title\" content=\"Sert Kapak Taslama - DPLUS KA\u011eIT SAN.VE DI\u015e T\u0130C. LTD. \u015eT\u0130.\" \/>\n<meta property=\"og:description\" content=\"Sert Kapak Taslama kutu kapak imalat\u0131 Hard Cover Drafting box cover manufacturing \u0627\u0644\u063a\u0644\u0627\u0641 \u0627\u0644\u0635\u0644\u0628 \u0635\u064a\u0627\u063a\u0629 \u063a\u0637\u0627\u0621 \u0645\u0631\u0628\u0639 \u0627\u0644\u062a\u0635\u0646\u064a\u0639\" \/>\n<meta property=\"og:url\" content=\"https:\/\/dpluskagit.com\/en\/sert-kapak-taslama\/\" \/>\n<meta property=\"og:site_name\" content=\"DPLUS KA\u011eIT SAN.VE DI\u015e T\u0130C. LTD. \u015eT\u0130.\" \/>\n<meta property=\"article:publisher\" content=\"https:\/\/www.facebook.com\/profile.php?id=100077008572152\" \/>\n<meta property=\"article:modified_time\" content=\"2023-04-06T13:14:13+00:00\" \/>\n<meta property=\"og:image\" content=\"https:\/\/dpluskagit.com\/wp-content\/uploads\/2022\/06\/Kolbus-Casemaker-DA-270.jpg\" \/>\n<meta name=\"twitter:card\" content=\"summary_large_image\" \/>\n<meta name=\"twitter:label1\" content=\"Estimated reading time\" \/>\n\t<meta name=\"twitter:data1\" content=\"1 minute\" \/>\n<script type=\"application\/ld+json\" class=\"yoast-schema-graph\">{\"@context\":\"https:\/\/schema.org\",\"@graph\":[{\"@type\":\"WebPage\",\"@id\":\"https:\/\/dpluskagit.com\/sert-kapak-taslama\/\",\"url\":\"https:\/\/dpluskagit.com\/sert-kapak-taslama\/\",\"name\":\"Sert Kapak Taslama - DPLUS KA\u011eIT SAN.VE DI\u015e T\u0130C. LTD. \u015eT\u0130.\",\"isPartOf\":{\"@id\":\"https:\/\/dpluskagit.com\/#website\"},\"datePublished\":\"2022-05-31T08:54:34+00:00\",\"dateModified\":\"2023-04-06T13:14:13+00:00\",\"description\":\"Sert Kapak Taslama kutu kapak imalat\u0131 Hard Cover Drafting box cover manufacturing \u0627\u0644\u063a\u0644\u0627\u0641 \u0627\u0644\u0635\u0644\u0628 \u0635\u064a\u0627\u063a\u0629 \u063a\u0637\u0627\u0621 \u0645\u0631\u0628\u0639 \u0627\u0644\u062a\u0635\u0646\u064a\u0639\",\"breadcrumb\":{\"@id\":\"https:\/\/dpluskagit.com\/sert-kapak-taslama\/#breadcrumb\"},\"inLanguage\":\"en-GB\",\"potentialAction\":[{\"@type\":\"ReadAction\",\"target\":[\"https:\/\/dpluskagit.com\/sert-kapak-taslama\/\"]}]},{\"@type\":\"BreadcrumbList\",\"@id\":\"https:\/\/dpluskagit.com\/sert-kapak-taslama\/#breadcrumb\",\"itemListElement\":[{\"@type\":\"ListItem\",\"position\":1,\"name\":\"Anasayfa\",\"item\":\"https:\/\/dpluskagit.com\/\"},{\"@type\":\"ListItem\",\"position\":2,\"name\":\"Sert Kapak Taslama\"}]},{\"@type\":\"WebSite\",\"@id\":\"https:\/\/dpluskagit.com\/#website\",\"url\":\"https:\/\/dpluskagit.com\/\",\"name\":\"DPLUS KA\u011eIT SAN.VE DI\u015e T\u0130C. LTD. \u015eT\u0130.\",\"description\":\"Her t\u00fcrl\u00fc ka\u011f\u0131t, yerli mukavva ve avrupa mukavva\",\"publisher\":{\"@id\":\"https:\/\/dpluskagit.com\/#organization\"},\"potentialAction\":[{\"@type\":\"SearchAction\",\"target\":{\"@type\":\"EntryPoint\",\"urlTemplate\":\"https:\/\/dpluskagit.com\/?s={search_term_string}\"},\"query-input\":\"required name=search_term_string\"}],\"inLanguage\":\"en-GB\"},{\"@type\":\"Organization\",\"@id\":\"https:\/\/dpluskagit.com\/#organization\",\"name\":\"DPLUS KA\u011eIT SAN.VE DI\u015e T\u0130C. LTD. \u015eT\u0130.\",\"url\":\"https:\/\/dpluskagit.com\/\",\"logo\":{\"@type\":\"ImageObject\",\"inLanguage\":\"en-GB\",\"@id\":\"https:\/\/dpluskagit.com\/#\/schema\/logo\/image\/\",\"url\":\"https:\/\/dpluskagit.com\/wp-content\/uploads\/2022\/03\/sm-logo-scaled.jpg\",\"contentUrl\":\"https:\/\/dpluskagit.com\/wp-content\/uploads\/2022\/03\/sm-logo-scaled.jpg\",\"width\":2560,\"height\":2560,\"caption\":\"DPLUS KA\u011eIT SAN.VE DI\u015e T\u0130C. LTD. \u015eT\u0130.\"},\"image\":{\"@id\":\"https:\/\/dpluskagit.com\/#\/schema\/logo\/image\/\"},\"sameAs\":[\"https:\/\/www.facebook.com\/profile.php?id=100077008572152\",\"https:\/\/www.instagram.com\/dpluskagit\/\"]}]}<\/script>\n<!-- \/ Yoast SEO plugin. -->","yoast_head_json":{"title":"Sert Kapak Taslama - DPLUS KA\u011eIT SAN.VE DI\u015e T\u0130C. LTD. \u015eT\u0130.","description":"Sert Kapak Taslama kutu kapak imalat\u0131 Hard Cover Drafting box cover manufacturing \u0627\u0644\u063a\u0644\u0627\u0641 \u0627\u0644\u0635\u0644\u0628 \u0635\u064a\u0627\u063a\u0629 \u063a\u0637\u0627\u0621 \u0645\u0631\u0628\u0639 \u0627\u0644\u062a\u0635\u0646\u064a\u0639","robots":{"index":"index","follow":"follow","max-snippet":"max-snippet:-1","max-image-preview":"max-image-preview:large","max-video-preview":"max-video-preview:-1"},"canonical":"https:\/\/dpluskagit.com\/en\/sert-kapak-taslama\/","og_locale":"en_GB","og_type":"article","og_title":"Sert Kapak Taslama - DPLUS KA\u011eIT SAN.VE DI\u015e T\u0130C. LTD. \u015eT\u0130.","og_description":"Sert Kapak Taslama kutu kapak imalat\u0131 Hard Cover Drafting box cover manufacturing \u0627\u0644\u063a\u0644\u0627\u0641 \u0627\u0644\u0635\u0644\u0628 \u0635\u064a\u0627\u063a\u0629 \u063a\u0637\u0627\u0621 \u0645\u0631\u0628\u0639 \u0627\u0644\u062a\u0635\u0646\u064a\u0639","og_url":"https:\/\/dpluskagit.com\/en\/sert-kapak-taslama\/","og_site_name":"DPLUS KA\u011eIT SAN.VE DI\u015e T\u0130C. LTD. \u015eT\u0130.","article_publisher":"https:\/\/www.facebook.com\/profile.php?id=100077008572152","article_modified_time":"2023-04-06T13:14:13+00:00","og_image":[{"url":"https:\/\/dpluskagit.com\/wp-content\/uploads\/2022\/06\/Kolbus-Casemaker-DA-270.jpg"}],"twitter_card":"summary_large_image","twitter_misc":{"Estimated reading time":"1 minute"},"schema":{"@context":"https:\/\/schema.org","@graph":[{"@type":"WebPage","@id":"https:\/\/dpluskagit.com\/sert-kapak-taslama\/","url":"https:\/\/dpluskagit.com\/sert-kapak-taslama\/","name":"Sert Kapak Taslama - DPLUS KA\u011eIT SAN.VE DI\u015e T\u0130C. LTD. \u015eT\u0130.","isPartOf":{"@id":"https:\/\/dpluskagit.com\/#website"},"datePublished":"2022-05-31T08:54:34+00:00","dateModified":"2023-04-06T13:14:13+00:00","description":"Sert Kapak Taslama kutu kapak imalat\u0131 Hard Cover Drafting box cover manufacturing \u0627\u0644\u063a\u0644\u0627\u0641 \u0627\u0644\u0635\u0644\u0628 \u0635\u064a\u0627\u063a\u0629 \u063a\u0637\u0627\u0621 \u0645\u0631\u0628\u0639 \u0627\u0644\u062a\u0635\u0646\u064a\u0639","breadcrumb":{"@id":"https:\/\/dpluskagit.com\/sert-kapak-taslama\/#breadcrumb"},"inLanguage":"en-GB","potentialAction":[{"@type":"ReadAction","target":["https:\/\/dpluskagit.com\/sert-kapak-taslama\/"]}]},{"@type":"BreadcrumbList","@id":"https:\/\/dpluskagit.com\/sert-kapak-taslama\/#breadcrumb","itemListElement":[{"@type":"ListItem","position":1,"name":"Anasayfa","item":"https:\/\/dpluskagit.com\/"},{"@type":"ListItem","position":2,"name":"Sert Kapak Taslama"}]},{"@type":"WebSite","@id":"https:\/\/dpluskagit.com\/#website","url":"https:\/\/dpluskagit.com\/","name":"DPLUS KA\u011eIT SAN.VE DI\u015e T\u0130C. LTD. \u015eT\u0130.","description":"Her t\u00fcrl\u00fc ka\u011f\u0131t, yerli mukavva ve avrupa mukavva","publisher":{"@id":"https:\/\/dpluskagit.com\/#organization"},"potentialAction":[{"@type":"SearchAction","target":{"@type":"EntryPoint","urlTemplate":"https:\/\/dpluskagit.com\/?s={search_term_string}"},"query-input":"required name=search_term_string"}],"inLanguage":"en-GB"},{"@type":"Organization","@id":"https:\/\/dpluskagit.com\/#organization","name":"DPLUS KA\u011eIT SAN.VE DI\u015e T\u0130C. LTD. \u015eT\u0130.","url":"https:\/\/dpluskagit.com\/","logo":{"@type":"ImageObject","inLanguage":"en-GB","@id":"https:\/\/dpluskagit.com\/#\/schema\/logo\/image\/","url":"https:\/\/dpluskagit.com\/wp-content\/uploads\/2022\/03\/sm-logo-scaled.jpg","contentUrl":"https:\/\/dpluskagit.com\/wp-content\/uploads\/2022\/03\/sm-logo-scaled.jpg","width":2560,"height":2560,"caption":"DPLUS KA\u011eIT SAN.VE DI\u015e T\u0130C. LTD. \u015eT\u0130."},"image":{"@id":"https:\/\/dpluskagit.com\/#\/schema\/logo\/image\/"},"sameAs":["https:\/\/www.facebook.com\/profile.php?id=100077008572152","https:\/\/www.instagram.com\/dpluskagit\/"]}]}},"_links":{"self":[{"href":"https:\/\/dpluskagit.com\/en\/wp-json\/wp\/v2\/pages\/6557","targetHints":{"allow":["GET"]}}],"collection":[{"href":"https:\/\/dpluskagit.com\/en\/wp-json\/wp\/v2\/pages"}],"about":[{"href":"https:\/\/dpluskagit.com\/en\/wp-json\/wp\/v2\/types\/page"}],"author":[{"embeddable":true,"href":"https:\/\/dpluskagit.com\/en\/wp-json\/wp\/v2\/users\/1"}],"replies":[{"embeddable":true,"href":"https:\/\/dpluskagit.com\/en\/wp-json\/wp\/v2\/comments?post=6557"}],"version-history":[{"count":0,"href":"https:\/\/dpluskagit.com\/en\/wp-json\/wp\/v2\/pages\/6557\/revisions"}],"wp:attachment":[{"href":"https:\/\/dpluskagit.com\/en\/wp-json\/wp\/v2\/media?parent=6557"}],"curies":[{"name":"wp","href":"https:\/\/api.w.org\/{rel}","templated":true}]}}