{"id":6560,"date":"2022-05-31T11:57:27","date_gmt":"2022-05-31T08:57:27","guid":{"rendered":"https:\/\/dpluskagit.com\/?page_id=6560"},"modified":"2023-04-06T15:54:11","modified_gmt":"2023-04-06T12:54:11","slug":"frame-puzzle","status":"publish","type":"page","link":"https:\/\/dpluskagit.com\/en\/frame-puzzle\/","title":{"rendered":"Frame Puzzle"},"content":{"rendered":"<div data-elementor-type=\"wp-page\" data-elementor-id=\"6560\" class=\"elementor elementor-6560\">\r\n\t\t\t\t\t\t\t        <section class=\"elementor-section elementor-top-section elementor-element elementor-element-c3c4297 elementor-section-boxed elementor-section-height-default elementor-section-height-default\" data-id=\"c3c4297\" data-element_type=\"section\">\n            \n                        <div class=\"elementor-container elementor-column-gap-default\">\n                    <div class=\"elementor-column elementor-col-100 elementor-top-column elementor-element elementor-element-e862eb5\" data-id=\"e862eb5\" data-element_type=\"column\">\n            <div class=\"elementor-widget-wrap elementor-element-populated\">\n                        \t\t<div class=\"elementor-element elementor-element-9d555d6 elementor-widget elementor-widget-ct_heading\" data-id=\"9d555d6\" data-element_type=\"widget\" data-widget_type=\"ct_heading.default\">\r\n\t\t\t\t<div class=\"elementor-widget-container\">\r\n\t\t\t<div class=\"ct-heading h-align-  sub-style1 ct-heading-left item-st-line-left3\">\r\n\t\t\t<div class=\"item--sub-title style1 show-line\">\r\n                        Puzzle Products                                <\/div>\r\n\t    <h3 class=\"item--title st-line-left3\" data-wow-delay=\"ms\">\r\n                <span>\r\n            \r\n            Puzzle Products\r\n                            <i class=\"dot-shape\">\r\n                    <i><\/i>\r\n                    <i><\/i>\r\n                    <i><\/i>\r\n                    <i><\/i>\r\n                    <i><\/i>\r\n                    <i><\/i>\r\n                <\/i>\r\n                    <\/span>\r\n            <\/h3>\r\n<\/div>\t\t<\/div>\r\n\t\t\t\t<\/div>\r\n\t\t            <\/div>\n        <\/div>\n                            <\/div>\n        <\/section>\n                <section class=\"elementor-section elementor-top-section elementor-element elementor-element-49bb056 elementor-section-boxed elementor-section-height-default elementor-section-height-default\" data-id=\"49bb056\" data-element_type=\"section\">\n            \n                        <div class=\"elementor-container elementor-column-gap-default\">\n                    <div class=\"elementor-column elementor-col-50 elementor-top-column elementor-element elementor-element-2b08778\" data-id=\"2b08778\" data-element_type=\"column\">\n            <div class=\"elementor-widget-wrap elementor-element-populated\">\n                        \t\t<div class=\"elementor-element elementor-element-646bd6b elementor-arrows-position-inside elementor-pagination-position-outside elementor-widget elementor-widget-image-carousel\" data-id=\"646bd6b\" data-element_type=\"widget\" data-settings=\"{&quot;slides_to_show&quot;:&quot;1&quot;,&quot;navigation&quot;:&quot;both&quot;,&quot;autoplay&quot;:&quot;yes&quot;,&quot;pause_on_hover&quot;:&quot;yes&quot;,&quot;pause_on_interaction&quot;:&quot;yes&quot;,&quot;autoplay_speed&quot;:5000,&quot;infinite&quot;:&quot;yes&quot;,&quot;effect&quot;:&quot;slide&quot;,&quot;speed&quot;:500}\" data-widget_type=\"image-carousel.default\">\r\n\t\t\t\t<div class=\"elementor-widget-container\">\r\n\t\t\t\t\t<div class=\"elementor-image-carousel-wrapper swiper-container\" dir=\"ltr\">\r\n\t\t\t<div class=\"elementor-image-carousel swiper-wrapper swiper-image-stretch\">\r\n\t\t\t\t\t\t\t\t<div class=\"swiper-slide\"><a data-elementor-open-lightbox=\"yes\" data-elementor-lightbox-slideshow=\"646bd6b\" data-elementor-lightbox-title=\"puzzle S1_2\" e-action-hash=\"#elementor-action%3Aaction%3Dlightbox%26settings%3DeyJpZCI6NjczMiwidXJsIjoiaHR0cHM6XC9cL2RwbHVza2FnaXQuY29tXC93cC1jb250ZW50XC91cGxvYWRzXC8yMDIyXC8wNlwvcHV6emxlLVMxXzIuanBnIiwic2xpZGVzaG93IjoiNjQ2YmQ2YiJ9\" href=\"https:\/\/dpluskagit.com\/wp-content\/uploads\/2022\/06\/puzzle-S1_2.jpg\"><figure class=\"swiper-slide-inner\"><img decoding=\"async\" class=\"swiper-slide-image\" src=\"https:\/\/dpluskagit.com\/wp-content\/uploads\/2022\/06\/puzzle-S1_2.jpg\" alt=\"puzzle S1_2\" \/><\/figure><\/a><\/div><div class=\"swiper-slide\"><a data-elementor-open-lightbox=\"yes\" data-elementor-lightbox-slideshow=\"646bd6b\" data-elementor-lightbox-title=\"Puzzle S1_1\" e-action-hash=\"#elementor-action%3Aaction%3Dlightbox%26settings%3DeyJpZCI6NjczMSwidXJsIjoiaHR0cHM6XC9cL2RwbHVza2FnaXQuY29tXC93cC1jb250ZW50XC91cGxvYWRzXC8yMDIyXC8wNlwvUHV6emxlLVMxXzEuanBnIiwic2xpZGVzaG93IjoiNjQ2YmQ2YiJ9\" href=\"https:\/\/dpluskagit.com\/wp-content\/uploads\/2022\/06\/Puzzle-S1_1.jpg\"><figure class=\"swiper-slide-inner\"><img decoding=\"async\" class=\"swiper-slide-image\" src=\"https:\/\/dpluskagit.com\/wp-content\/uploads\/2022\/06\/Puzzle-S1_1.jpg\" alt=\"Puzzle S1_1\" \/><\/figure><\/a><\/div>\t\t\t<\/div>\r\n\t\t\t\t\t\t\t\t\t\t\t\t<div class=\"swiper-pagination\"><\/div>\r\n\t\t\t\t\t\t\t\t\t\t\t\t\t<div class=\"elementor-swiper-button elementor-swiper-button-prev\">\r\n\t\t\t\t\t\t<i aria-hidden=\"true\" class=\"eicon-chevron-left\"><\/i>\t\t\t\t\t\t<span class=\"elementor-screen-only\">Previous<\/span>\r\n\t\t\t\t\t<\/div>\r\n\t\t\t\t\t<div class=\"elementor-swiper-button elementor-swiper-button-next\">\r\n\t\t\t\t\t\t<i aria-hidden=\"true\" class=\"eicon-chevron-right\"><\/i>\t\t\t\t\t\t<span class=\"elementor-screen-only\">Next<\/span>\r\n\t\t\t\t\t<\/div>\r\n\t\t\t\t\t\t\t\t\t<\/div>\r\n\t\t\t\t<\/div>\r\n\t\t\t\t<\/div>\r\n\t\t            <\/div>\n        <\/div>\n                <div class=\"elementor-column elementor-col-50 elementor-top-column elementor-element elementor-element-e68602d\" data-id=\"e68602d\" data-element_type=\"column\">\n            <div class=\"elementor-widget-wrap elementor-element-populated\">\n                        \t\t<div class=\"elementor-element elementor-element-b3bdfb3 elementor-arrows-position-inside elementor-pagination-position-outside elementor-widget elementor-widget-image-carousel\" data-id=\"b3bdfb3\" data-element_type=\"widget\" data-settings=\"{&quot;slides_to_show&quot;:&quot;1&quot;,&quot;navigation&quot;:&quot;both&quot;,&quot;autoplay&quot;:&quot;yes&quot;,&quot;pause_on_hover&quot;:&quot;yes&quot;,&quot;pause_on_interaction&quot;:&quot;yes&quot;,&quot;autoplay_speed&quot;:5000,&quot;infinite&quot;:&quot;yes&quot;,&quot;effect&quot;:&quot;slide&quot;,&quot;speed&quot;:500}\" data-widget_type=\"image-carousel.default\">\r\n\t\t\t\t<div class=\"elementor-widget-container\">\r\n\t\t\t\t\t<div class=\"elementor-image-carousel-wrapper swiper-container\" dir=\"ltr\">\r\n\t\t\t<div class=\"elementor-image-carousel swiper-wrapper swiper-image-stretch\">\r\n\t\t\t\t\t\t\t\t<div class=\"swiper-slide\"><a data-elementor-open-lightbox=\"yes\" data-elementor-lightbox-slideshow=\"b3bdfb3\" data-elementor-lightbox-title=\"puzzle S2_1\" e-action-hash=\"#elementor-action%3Aaction%3Dlightbox%26settings%3DeyJpZCI6NjczNiwidXJsIjoiaHR0cHM6XC9cL2RwbHVza2FnaXQuY29tXC93cC1jb250ZW50XC91cGxvYWRzXC8yMDIyXC8wNlwvcHV6emxlLVMyXzEuanBnIiwic2xpZGVzaG93IjoiYjNiZGZiMyJ9\" href=\"https:\/\/dpluskagit.com\/wp-content\/uploads\/2022\/06\/puzzle-S2_1.jpg\"><figure class=\"swiper-slide-inner\"><img decoding=\"async\" class=\"swiper-slide-image\" src=\"https:\/\/dpluskagit.com\/wp-content\/uploads\/2022\/06\/puzzle-S2_1.jpg\" alt=\"puzzle S2_1\" \/><\/figure><\/a><\/div><div class=\"swiper-slide\"><a data-elementor-open-lightbox=\"yes\" data-elementor-lightbox-slideshow=\"b3bdfb3\" data-elementor-lightbox-title=\"puzzle S2_2\" e-action-hash=\"#elementor-action%3Aaction%3Dlightbox%26settings%3DeyJpZCI6NjczNywidXJsIjoiaHR0cHM6XC9cL2RwbHVza2FnaXQuY29tXC93cC1jb250ZW50XC91cGxvYWRzXC8yMDIyXC8wNlwvcHV6emxlLVMyXzIuanBnIiwic2xpZGVzaG93IjoiYjNiZGZiMyJ9\" href=\"https:\/\/dpluskagit.com\/wp-content\/uploads\/2022\/06\/puzzle-S2_2.jpg\"><figure class=\"swiper-slide-inner\"><img decoding=\"async\" class=\"swiper-slide-image\" src=\"https:\/\/dpluskagit.com\/wp-content\/uploads\/2022\/06\/puzzle-S2_2.jpg\" alt=\"puzzle S2_2\" \/><\/figure><\/a><\/div>\t\t\t<\/div>\r\n\t\t\t\t\t\t\t\t\t\t\t\t<div class=\"swiper-pagination\"><\/div>\r\n\t\t\t\t\t\t\t\t\t\t\t\t\t<div class=\"elementor-swiper-button elementor-swiper-button-prev\">\r\n\t\t\t\t\t\t<i aria-hidden=\"true\" class=\"eicon-chevron-left\"><\/i>\t\t\t\t\t\t<span class=\"elementor-screen-only\">Previous<\/span>\r\n\t\t\t\t\t<\/div>\r\n\t\t\t\t\t<div class=\"elementor-swiper-button elementor-swiper-button-next\">\r\n\t\t\t\t\t\t<i aria-hidden=\"true\" class=\"eicon-chevron-right\"><\/i>\t\t\t\t\t\t<span class=\"elementor-screen-only\">Next<\/span>\r\n\t\t\t\t\t<\/div>\r\n\t\t\t\t\t\t\t\t\t<\/div>\r\n\t\t\t\t<\/div>\r\n\t\t\t\t<\/div>\r\n\t\t            <\/div>\n        <\/div>\n                            <\/div>\n        <\/section>\n                <section class=\"elementor-section elementor-top-section elementor-element elementor-element-bb9430f elementor-section-boxed elementor-section-height-default elementor-section-height-default\" data-id=\"bb9430f\" data-element_type=\"section\">\n            \n                        <div class=\"elementor-container elementor-column-gap-default\">\n                    <div class=\"elementor-column elementor-col-100 elementor-top-column elementor-element elementor-element-31fdbca\" data-id=\"31fdbca\" data-element_type=\"column\">\n            <div class=\"elementor-widget-wrap elementor-element-populated\">\n                        \t\t<div class=\"elementor-element elementor-element-6874bdc elementor-widget elementor-widget-ct_heading\" data-id=\"6874bdc\" data-element_type=\"widget\" data-widget_type=\"ct_heading.default\">\r\n\t\t\t\t<div class=\"elementor-widget-container\">\r\n\t\t\t<div class=\"ct-heading h-align-  sub-style1 ct-heading-left item-st-default\">\r\n\t    <h3 class=\"item--title st-default\" data-wow-delay=\"ms\">\r\n                <span>\r\n            \r\n            Features and Usage Areas\r\n                    <\/span>\r\n            <\/h3>\r\n<\/div>\t\t<\/div>\r\n\t\t\t\t<\/div>\r\n\t\t\t\t<div class=\"elementor-element elementor-element-c7d1a53 elementor-widget elementor-widget-text-editor\" data-id=\"c7d1a53\" data-element_type=\"widget\" data-widget_type=\"text-editor.default\">\r\n\t\t\t\t<div class=\"elementor-widget-container\">\r\n\t\t\t\t\t\t\t<p>Frame puzzles are used for special product promotion, social projects, hobby products, school education sets, etc. used in many fields.<\/p><p>As Dplus, we produce frame puzzles in the desired size and quality.<\/p>\t\t\t\t\t\t<\/div>\r\n\t\t\t\t<\/div>\r\n\t\t            <\/div>\n        <\/div>\n                            <\/div>\n        <\/section>\n        \t\t\t\t\t<\/div>","protected":false},"excerpt":{"rendered":"<p>Puzzle \u00dcr\u00fcnleri Frame Puzzle \u0130malat\u0131 \u00d6nceki Sonraki \u00d6nceki Sonraki \u00d6zellikler ve Kullan\u0131m Alanlar\u0131 Frame (Tablal\u0131) puzzlelar \u00f6zel \u00fcr\u00fcn tan\u0131t\u0131m\u0131, sosyal projeler, hobi \u00fcr\u00fcnleri, okul e\u011fitim setleri v.s.&nbsp; bir\u00e7ok alanda kullan\u0131lmaktad\u0131r. Dplus olarak istenilen ebat ve kalitede frame puzzle \u00fcretimi yapmaktay\u0131z.<\/p>","protected":false},"author":1,"featured_media":0,"parent":0,"menu_order":0,"comment_status":"closed","ping_status":"closed","template":"","meta":{"footnotes":""},"class_list":["post-6560","page","type-page","status-publish","hentry"],"yoast_head":"<!-- This site is optimized with the Yoast SEO plugin v21.8 - https:\/\/yoast.com\/wordpress\/plugins\/seo\/ -->\n<title>Frame Puzzle - DPLUS KA\u011eIT SAN.VE DI\u015e T\u0130C. LTD. \u015eT\u0130.<\/title>\n<meta name=\"description\" content=\"Dplus olarak istenilen ebat ve kalitede frame puzzle \u00fcretimi yapmaktay\u0131z. As Dplus, we produce frame puzzles in the desired size and quality. \u0628\u0635\u0641\u062a\u0646\u0627 Dplus \u060c \u0646\u0646\u062a\u062c \u0623\u0644\u063a\u0627\u0632 \u0627\u0644\u0625\u0637\u0627\u0631\u0627\u062a \u0628\u0627\u0644\u062d\u062c\u0645 \u0648\u0627\u0644\u062c\u0648\u062f\u0629 \u0627\u0644\u0645\u0637\u0644\u0648\u0628\u064a\u0646.\" \/>\n<meta name=\"robots\" content=\"index, follow, max-snippet:-1, max-image-preview:large, max-video-preview:-1\" \/>\n<link rel=\"canonical\" href=\"https:\/\/dpluskagit.com\/en\/frame-puzzle\/\" \/>\n<meta property=\"og:locale\" content=\"en_GB\" \/>\n<meta property=\"og:type\" content=\"article\" \/>\n<meta property=\"og:title\" content=\"Frame Puzzle - DPLUS KA\u011eIT SAN.VE DI\u015e T\u0130C. LTD. \u015eT\u0130.\" \/>\n<meta property=\"og:description\" content=\"Dplus olarak istenilen ebat ve kalitede frame puzzle \u00fcretimi yapmaktay\u0131z. As Dplus, we produce frame puzzles in the desired size and quality. \u0628\u0635\u0641\u062a\u0646\u0627 Dplus \u060c \u0646\u0646\u062a\u062c \u0623\u0644\u063a\u0627\u0632 \u0627\u0644\u0625\u0637\u0627\u0631\u0627\u062a \u0628\u0627\u0644\u062d\u062c\u0645 \u0648\u0627\u0644\u062c\u0648\u062f\u0629 \u0627\u0644\u0645\u0637\u0644\u0648\u0628\u064a\u0646.\" \/>\n<meta property=\"og:url\" content=\"https:\/\/dpluskagit.com\/en\/frame-puzzle\/\" \/>\n<meta property=\"og:site_name\" content=\"DPLUS KA\u011eIT SAN.VE DI\u015e T\u0130C. LTD. \u015eT\u0130.\" \/>\n<meta property=\"article:publisher\" content=\"https:\/\/www.facebook.com\/profile.php?id=100077008572152\" \/>\n<meta property=\"article:modified_time\" content=\"2023-04-06T12:54:11+00:00\" \/>\n<meta property=\"og:image\" content=\"https:\/\/dpluskagit.com\/wp-content\/uploads\/2022\/06\/puzzle-S1_2.jpg\" \/>\n<meta name=\"twitter:card\" content=\"summary_large_image\" \/>\n<meta name=\"twitter:label1\" content=\"Estimated reading time\" \/>\n\t<meta name=\"twitter:data1\" content=\"2 minutes\" \/>\n<script type=\"application\/ld+json\" class=\"yoast-schema-graph\">{\"@context\":\"https:\/\/schema.org\",\"@graph\":[{\"@type\":\"WebPage\",\"@id\":\"https:\/\/dpluskagit.com\/en\/frame-puzzle\/\",\"url\":\"https:\/\/dpluskagit.com\/en\/frame-puzzle\/\",\"name\":\"Frame Puzzle - DPLUS KA\u011eIT SAN.VE DI\u015e T\u0130C. LTD. \u015eT\u0130.\",\"isPartOf\":{\"@id\":\"https:\/\/dpluskagit.com\/#website\"},\"datePublished\":\"2022-05-31T08:57:27+00:00\",\"dateModified\":\"2023-04-06T12:54:11+00:00\",\"description\":\"Dplus olarak istenilen ebat ve kalitede frame puzzle \u00fcretimi yapmaktay\u0131z. As Dplus, we produce frame puzzles in the desired size and quality. \u0628\u0635\u0641\u062a\u0646\u0627 Dplus \u060c \u0646\u0646\u062a\u062c \u0623\u0644\u063a\u0627\u0632 \u0627\u0644\u0625\u0637\u0627\u0631\u0627\u062a \u0628\u0627\u0644\u062d\u062c\u0645 \u0648\u0627\u0644\u062c\u0648\u062f\u0629 \u0627\u0644\u0645\u0637\u0644\u0648\u0628\u064a\u0646.\",\"breadcrumb\":{\"@id\":\"https:\/\/dpluskagit.com\/en\/frame-puzzle\/#breadcrumb\"},\"inLanguage\":\"en-GB\",\"potentialAction\":[{\"@type\":\"ReadAction\",\"target\":[\"https:\/\/dpluskagit.com\/en\/frame-puzzle\/\"]}]},{\"@type\":\"BreadcrumbList\",\"@id\":\"https:\/\/dpluskagit.com\/en\/frame-puzzle\/#breadcrumb\",\"itemListElement\":[{\"@type\":\"ListItem\",\"position\":1,\"name\":\"Anasayfa\",\"item\":\"https:\/\/dpluskagit.com\/\"},{\"@type\":\"ListItem\",\"position\":2,\"name\":\"Frame Puzzle\"}]},{\"@type\":\"WebSite\",\"@id\":\"https:\/\/dpluskagit.com\/#website\",\"url\":\"https:\/\/dpluskagit.com\/\",\"name\":\"DPLUS KA\u011eIT SAN.VE DI\u015e T\u0130C. LTD. \u015eT\u0130.\",\"description\":\"Her t\u00fcrl\u00fc ka\u011f\u0131t, yerli mukavva ve avrupa mukavva\",\"publisher\":{\"@id\":\"https:\/\/dpluskagit.com\/#organization\"},\"potentialAction\":[{\"@type\":\"SearchAction\",\"target\":{\"@type\":\"EntryPoint\",\"urlTemplate\":\"https:\/\/dpluskagit.com\/?s={search_term_string}\"},\"query-input\":\"required name=search_term_string\"}],\"inLanguage\":\"en-GB\"},{\"@type\":\"Organization\",\"@id\":\"https:\/\/dpluskagit.com\/#organization\",\"name\":\"DPLUS KA\u011eIT SAN.VE DI\u015e T\u0130C. LTD. \u015eT\u0130.\",\"url\":\"https:\/\/dpluskagit.com\/\",\"logo\":{\"@type\":\"ImageObject\",\"inLanguage\":\"en-GB\",\"@id\":\"https:\/\/dpluskagit.com\/#\/schema\/logo\/image\/\",\"url\":\"https:\/\/dpluskagit.com\/wp-content\/uploads\/2022\/03\/sm-logo-scaled.jpg\",\"contentUrl\":\"https:\/\/dpluskagit.com\/wp-content\/uploads\/2022\/03\/sm-logo-scaled.jpg\",\"width\":2560,\"height\":2560,\"caption\":\"DPLUS KA\u011eIT SAN.VE DI\u015e T\u0130C. LTD. \u015eT\u0130.\"},\"image\":{\"@id\":\"https:\/\/dpluskagit.com\/#\/schema\/logo\/image\/\"},\"sameAs\":[\"https:\/\/www.facebook.com\/profile.php?id=100077008572152\",\"https:\/\/www.instagram.com\/dpluskagit\/\"]}]}<\/script>\n<!-- \/ Yoast SEO plugin. -->","yoast_head_json":{"title":"Frame Puzzle - DPLUS KA\u011eIT SAN.VE DI\u015e T\u0130C. LTD. \u015eT\u0130.","description":"Dplus olarak istenilen ebat ve kalitede frame puzzle \u00fcretimi yapmaktay\u0131z. As Dplus, we produce frame puzzles in the desired size and quality. \u0628\u0635\u0641\u062a\u0646\u0627 Dplus \u060c \u0646\u0646\u062a\u062c \u0623\u0644\u063a\u0627\u0632 \u0627\u0644\u0625\u0637\u0627\u0631\u0627\u062a \u0628\u0627\u0644\u062d\u062c\u0645 \u0648\u0627\u0644\u062c\u0648\u062f\u0629 \u0627\u0644\u0645\u0637\u0644\u0648\u0628\u064a\u0646.","robots":{"index":"index","follow":"follow","max-snippet":"max-snippet:-1","max-image-preview":"max-image-preview:large","max-video-preview":"max-video-preview:-1"},"canonical":"https:\/\/dpluskagit.com\/en\/frame-puzzle\/","og_locale":"en_GB","og_type":"article","og_title":"Frame Puzzle - DPLUS KA\u011eIT SAN.VE DI\u015e T\u0130C. LTD. \u015eT\u0130.","og_description":"Dplus olarak istenilen ebat ve kalitede frame puzzle \u00fcretimi yapmaktay\u0131z. As Dplus, we produce frame puzzles in the desired size and quality. \u0628\u0635\u0641\u062a\u0646\u0627 Dplus \u060c \u0646\u0646\u062a\u062c \u0623\u0644\u063a\u0627\u0632 \u0627\u0644\u0625\u0637\u0627\u0631\u0627\u062a \u0628\u0627\u0644\u062d\u062c\u0645 \u0648\u0627\u0644\u062c\u0648\u062f\u0629 \u0627\u0644\u0645\u0637\u0644\u0648\u0628\u064a\u0646.","og_url":"https:\/\/dpluskagit.com\/en\/frame-puzzle\/","og_site_name":"DPLUS KA\u011eIT SAN.VE DI\u015e T\u0130C. LTD. \u015eT\u0130.","article_publisher":"https:\/\/www.facebook.com\/profile.php?id=100077008572152","article_modified_time":"2023-04-06T12:54:11+00:00","og_image":[{"url":"https:\/\/dpluskagit.com\/wp-content\/uploads\/2022\/06\/puzzle-S1_2.jpg"}],"twitter_card":"summary_large_image","twitter_misc":{"Estimated reading time":"2 minutes"},"schema":{"@context":"https:\/\/schema.org","@graph":[{"@type":"WebPage","@id":"https:\/\/dpluskagit.com\/en\/frame-puzzle\/","url":"https:\/\/dpluskagit.com\/en\/frame-puzzle\/","name":"Frame Puzzle - DPLUS KA\u011eIT SAN.VE DI\u015e T\u0130C. LTD. \u015eT\u0130.","isPartOf":{"@id":"https:\/\/dpluskagit.com\/#website"},"datePublished":"2022-05-31T08:57:27+00:00","dateModified":"2023-04-06T12:54:11+00:00","description":"Dplus olarak istenilen ebat ve kalitede frame puzzle \u00fcretimi yapmaktay\u0131z. As Dplus, we produce frame puzzles in the desired size and quality. \u0628\u0635\u0641\u062a\u0646\u0627 Dplus \u060c \u0646\u0646\u062a\u062c \u0623\u0644\u063a\u0627\u0632 \u0627\u0644\u0625\u0637\u0627\u0631\u0627\u062a \u0628\u0627\u0644\u062d\u062c\u0645 \u0648\u0627\u0644\u062c\u0648\u062f\u0629 \u0627\u0644\u0645\u0637\u0644\u0648\u0628\u064a\u0646.","breadcrumb":{"@id":"https:\/\/dpluskagit.com\/en\/frame-puzzle\/#breadcrumb"},"inLanguage":"en-GB","potentialAction":[{"@type":"ReadAction","target":["https:\/\/dpluskagit.com\/en\/frame-puzzle\/"]}]},{"@type":"BreadcrumbList","@id":"https:\/\/dpluskagit.com\/en\/frame-puzzle\/#breadcrumb","itemListElement":[{"@type":"ListItem","position":1,"name":"Anasayfa","item":"https:\/\/dpluskagit.com\/"},{"@type":"ListItem","position":2,"name":"Frame Puzzle"}]},{"@type":"WebSite","@id":"https:\/\/dpluskagit.com\/#website","url":"https:\/\/dpluskagit.com\/","name":"DPLUS KA\u011eIT SAN.VE DI\u015e T\u0130C. LTD. \u015eT\u0130.","description":"Her t\u00fcrl\u00fc ka\u011f\u0131t, yerli mukavva ve avrupa mukavva","publisher":{"@id":"https:\/\/dpluskagit.com\/#organization"},"potentialAction":[{"@type":"SearchAction","target":{"@type":"EntryPoint","urlTemplate":"https:\/\/dpluskagit.com\/?s={search_term_string}"},"query-input":"required name=search_term_string"}],"inLanguage":"en-GB"},{"@type":"Organization","@id":"https:\/\/dpluskagit.com\/#organization","name":"DPLUS KA\u011eIT SAN.VE DI\u015e T\u0130C. LTD. \u015eT\u0130.","url":"https:\/\/dpluskagit.com\/","logo":{"@type":"ImageObject","inLanguage":"en-GB","@id":"https:\/\/dpluskagit.com\/#\/schema\/logo\/image\/","url":"https:\/\/dpluskagit.com\/wp-content\/uploads\/2022\/03\/sm-logo-scaled.jpg","contentUrl":"https:\/\/dpluskagit.com\/wp-content\/uploads\/2022\/03\/sm-logo-scaled.jpg","width":2560,"height":2560,"caption":"DPLUS KA\u011eIT SAN.VE DI\u015e T\u0130C. LTD. \u015eT\u0130."},"image":{"@id":"https:\/\/dpluskagit.com\/#\/schema\/logo\/image\/"},"sameAs":["https:\/\/www.facebook.com\/profile.php?id=100077008572152","https:\/\/www.instagram.com\/dpluskagit\/"]}]}},"_links":{"self":[{"href":"https:\/\/dpluskagit.com\/en\/wp-json\/wp\/v2\/pages\/6560","targetHints":{"allow":["GET"]}}],"collection":[{"href":"https:\/\/dpluskagit.com\/en\/wp-json\/wp\/v2\/pages"}],"about":[{"href":"https:\/\/dpluskagit.com\/en\/wp-json\/wp\/v2\/types\/page"}],"author":[{"embeddable":true,"href":"https:\/\/dpluskagit.com\/en\/wp-json\/wp\/v2\/users\/1"}],"replies":[{"embeddable":true,"href":"https:\/\/dpluskagit.com\/en\/wp-json\/wp\/v2\/comments?post=6560"}],"version-history":[{"count":0,"href":"https:\/\/dpluskagit.com\/en\/wp-json\/wp\/v2\/pages\/6560\/revisions"}],"wp:attachment":[{"href":"https:\/\/dpluskagit.com\/en\/wp-json\/wp\/v2\/media?parent=6560"}],"curies":[{"name":"wp","href":"https:\/\/api.w.org\/{rel}","templated":true}]}}